{"id":5448,"date":"2023-05-25T15:12:05","date_gmt":"2023-05-25T15:12:05","guid":{"rendered":"https:\/\/www.ggaparapente.com\/?page_id=5448"},"modified":"2023-05-25T15:12:08","modified_gmt":"2023-05-25T15:12:08","slug":"disclaimer","status":"publish","type":"page","link":"https:\/\/www.ggaparapente.com\/it\/disclaimer\/","title":{"rendered":"Esclusione di responsabilit\u00e0"},"content":{"rendered":"<hr class=\"wp-block-separator has-alpha-channel-opacity\"\/>\n\n\n\n<p>Esclusione di responsabilit\u00e0<\/p>\n\n\n\n<p>L'utilizzo del sito web www.ggaparapente.com (di seguito il \u00abSito web\u00bb) \u00e8 a rischio dell'utente. Il proprietario del sito web, Gaston Gomes Archet, non sar\u00e0 responsabile di eventuali danni o lesioni che possano derivare dall'uso del sito web, inclusi, ma non limitati a:<\/p>\n\n\n\n<ol class=\"wp-block-list\">\n<li>Accuratezza delle informazioni: Il proprietario del sito web si impegna a fornire informazioni accurate e aggiornate sul sito. Tuttavia, non si garantisce l'accuratezza, la completezza o la tempestivit\u00e0 delle informazioni pubblicate. L'utente si assume la responsabilit\u00e0 di verificare l'accuratezza delle informazioni prima di intraprendere qualsiasi azione basata su di esse.<\/li>\n\n\n\n<li>Link a siti web esterni: il Sito web pu\u00f2 contenere link a siti web esterni. Tali link sono forniti solo a titolo di riferimento e non implicano l'approvazione, l'avallo o la responsabilit\u00e0 del proprietario del sito web per tali siti esterni. L'accesso a tali siti esterni avviene a proprio rischio e pericolo.<\/li>\n\n\n\n<li>Disponibilit\u00e0 del sito web: Il proprietario del Sito si impegna a mantenere il Sito accessibile in modo continuo e senza interruzioni. Tuttavia, la disponibilit\u00e0 ininterrotta del Sito web non \u00e8 garantita a causa di problemi tecnici o di altro tipo. Il proprietario del sito web si riserva il diritto di apportare cambiamenti, modifiche, aggiornamenti o interruzioni al sito web in qualsiasi momento e senza preavviso.<\/li>\n\n\n\n<li>Uso improprio del Sito web: L'utente si impegna a utilizzare il sito web in modo appropriato e in conformit\u00e0 alla legislazione vigente. Il proprietario del sito web non sar\u00e0 responsabile di eventuali danni che possano derivare dall'uso improprio del sito web da parte dell'utente.<\/li>\n\n\n\n<li>Attivit\u00e0 rischiose: Il proprietario del sito web offre servizi relativi al parapendio e alle attivit\u00e0 di avventura. L'utente riconosce che tali attivit\u00e0 comportano un certo grado di rischio e accetta di assumersi la responsabilit\u00e0 della propria partecipazione a tali attivit\u00e0. Il proprietario del sito web non \u00e8 responsabile di eventuali danni, lesioni o perdite che potrebbero verificarsi in seguito alla partecipazione dell'utente a tali attivit\u00e0.<\/li>\n\n\n\n<li>Modifiche alla clausola di esclusione della responsabilit\u00e0: il proprietario del sito web si riserva il diritto di modificare o aggiornare la presente clausola di esclusione della responsabilit\u00e0 in qualsiasi momento. Eventuali modifiche avranno effetto immediato al momento della pubblicazione sul sito web. Si consiglia di rivedere periodicamente questa clausola di esclusione della responsabilit\u00e0 per essere informati dei termini, delle condizioni e delle limitazioni di responsabilit\u00e0 aggiornati.<\/li>\n<\/ol>\n\n\n\n<hr class=\"wp-block-separator has-alpha-channel-opacity\"\/>","protected":false},"excerpt":{"rendered":"<p>Descargo de Responsabilidad El uso del sitio web www.ggaparapente.com (en adelante, el \u00abSitio web\u00bb) se realiza bajo su propio riesgo. El titular del sitio web, Gaston Gomes Archet, no se hace responsable de los da\u00f1os o perjuicios que puedan derivarse del uso del Sitio web, incluyendo, pero no limitado a:<\/p>","protected":false},"author":2,"featured_media":0,"parent":0,"menu_order":0,"comment_status":"closed","ping_status":"closed","template":"","meta":{"_monsterinsights_skip_tracking":false,"_monsterinsights_sitenote_active":false,"_monsterinsights_sitenote_note":"","_monsterinsights_sitenote_category":0,"footnotes":""},"class_list":["post-5448","page","type-page","status-publish"],"_links":{"self":[{"href":"https:\/\/www.ggaparapente.com\/it\/wp-json\/wp\/v2\/pages\/5448","targetHints":{"allow":["GET"]}}],"collection":[{"href":"https:\/\/www.ggaparapente.com\/it\/wp-json\/wp\/v2\/pages"}],"about":[{"href":"https:\/\/www.ggaparapente.com\/it\/wp-json\/wp\/v2\/types\/page"}],"author":[{"embeddable":true,"href":"https:\/\/www.ggaparapente.com\/it\/wp-json\/wp\/v2\/users\/2"}],"replies":[{"embeddable":true,"href":"https:\/\/www.ggaparapente.com\/it\/wp-json\/wp\/v2\/comments?post=5448"}],"version-history":[{"count":0,"href":"https:\/\/www.ggaparapente.com\/it\/wp-json\/wp\/v2\/pages\/5448\/revisions"}],"wp:attachment":[{"href":"https:\/\/www.ggaparapente.com\/it\/wp-json\/wp\/v2\/media?parent=5448"}],"curies":[{"name":"wp","href":"https:\/\/api.w.org\/{rel}","templated":true}]}}