{"id":4971,"date":"2023-01-17T01:29:29","date_gmt":"2023-01-17T01:29:29","guid":{"rendered":"https:\/\/www.ggaparapente.com\/?page_id=4971"},"modified":"2025-09-14T12:21:38","modified_gmt":"2025-09-14T12:21:38","slug":"termini-e-condizioni","status":"publish","type":"page","link":"https:\/\/www.ggaparapente.com\/it\/termini-e-condizioni\/","title":{"rendered":"termini e condizioni"},"content":{"rendered":"<div class=\"wp-block-image\">\n<figure class=\"aligncenter size-full is-resized\"><img loading=\"lazy\" decoding=\"async\" width=\"512\" height=\"512\" src=\"https:\/\/www.ggaparapente.com\/wp-content\/uploads\/2023\/06\/logo-ggaparapente.png\" alt=\"\" class=\"wp-image-5491\" style=\"width:125px;height:125px\" title=\"\" srcset=\"https:\/\/www.ggaparapente.com\/wp-content\/uploads\/2023\/06\/logo-ggaparapente.png 512w, https:\/\/www.ggaparapente.com\/wp-content\/uploads\/2023\/06\/logo-ggaparapente-300x300.png 300w, https:\/\/www.ggaparapente.com\/wp-content\/uploads\/2023\/06\/logo-ggaparapente-150x150.png 150w\" sizes=\"auto, (max-width: 512px) 100vw, 512px\" \/><\/figure>\n<\/div>\n\n\n<div class=\"wp-block-cover alignfull\" style=\"min-height:50px;aspect-ratio:unset;\"><span aria-hidden=\"true\" class=\"wp-block-cover__background has-background-dim-100 has-background-dim\" style=\"background-color:#010101\"><\/span><div class=\"wp-block-cover__inner-container is-layout-flow wp-block-cover-is-layout-flow\">\n<h1 class=\"wp-block-heading has-text-align-center has-large-font-size\">termini e condizioni<\/h1>\n<\/div><\/div>\n\n\n\n<h2 class=\"wp-block-heading has-text-align-center has-text-color has-medium-font-size\" style=\"color:#000000\"><strong>RISCHIO DI ATTIVIT\u00c0<\/strong><\/h2>\n\n\n\n<h3 class=\"wp-block-heading has-text-align-center has-base-2-background-color has-background has-small-font-size\">Il parapendio \u00e8 un'attivit\u00e0 avventurosa che comporta rischi intrinseci, come cadute, collisioni, cambiamenti meteorologici imprevisti e possibili lesioni gravi, persino la morte. Sebbene adottiamo tutte le misure di sicurezza, il rischio non pu\u00f2 essere completamente eliminato. Selezionando la casella di prenotazione, il passeggero accetta questi rischi e si impegna a seguire le istruzioni del pilota in ogni momento.<\/h3>\n\n\n\n<h2 class=\"wp-block-heading has-text-align-center has-text-color has-medium-font-size\" style=\"color:#000000\"><strong>INFORMAZIONI GENERALI<\/strong><\/h2>\n\n\n\n<h3 class=\"wp-block-heading has-text-align-center has-base-2-background-color has-background has-small-font-size\">Il passeggero dichiara espressamente di essere in buona salute fisica e mentale, di non avere malattie cardiache o circolatorie, disturbi dell'equilibrio, malattie neurologiche o altre patologie che potrebbero compromettere la sicurezza del volo, comprese le malattie croniche, accettando quindi di sentirsi in grado di affrontare le sollecitazioni del volo. Se il passeggero non \u00e8 sicuro della sua idoneit\u00e0 al volo, \u00e8 obbligato ad avere un certificato medico in cui il medico conferma le sue capacit\u00e0 e che la sua salute \u00e8 ottimale per poter svolgere l'attivit\u00e0. \u00c8 responsabilit\u00e0 del passeggero cancellare il volo se non soddisfa le condizioni di cui sopra.<\/h3>\n\n\n\n<h3 class=\"wp-block-heading has-text-align-center has-base-2-background-color has-background has-small-font-size\">\u00c8 responsabilit\u00e0 del passeggero indossare un abbigliamento adeguato (resistente alle intemperie e al vento, adatto a sporcarsi), se possibile calzature fisse (lunghe fino alla caviglia) e guanti antistrappo. Il pilota si impegna a fornire una protezione per la testa (casco) e l'equipaggiamento di volo. Nel caso di passeggeri di et\u00e0 inferiore ai 18 anni, \u00e8 necessaria la firma di uno\/due genitori\/rappresentanti legali.<\/h3>\n\n\n\n<h3 class=\"wp-block-heading has-text-align-center has-base-2-background-color has-background has-small-font-size\">\u00c8 responsabilit\u00e0 del passeggero comprendere appieno il brifing (spiegazione fornita ai passeggeri prima del volo) e, in caso di dubbi, chiedere sempre a loro, nonch\u00e9 seguire incondizionatamente e immediatamente le istruzioni del pilota. Questo per la vostra sicurezza. La mancata osservanza delle istruzioni durante il decollo, il volo e l'atterraggio pu\u00f2 causare lesioni al passeggero e al pilota. Se le istruzioni del pilota non vengono seguite, il pilota pu\u00f2 squalificare il passeggero dall'operazione di volo. In caso di infrazione, la richiesta di rimborso sar\u00e0 respinta. Il passeggero \u00e8 responsabile dei danni alle persone dovuti al mancato rispetto delle istruzioni del pilota. Il passeggero \u00e8 responsabile dei danni intenzionali o per grave negligenza causati alle attrezzature, ai piloti o a terzi.<\/h3>\n\n\n\n<h2 class=\"wp-block-heading has-text-align-center has-text-color has-medium-font-size\" style=\"color:#000000\"><strong>PAGAMENTO<\/strong><\/h2>\n\n\n\n<h2 class=\"wp-block-heading has-text-align-center has-base-2-background-color has-background has-small-font-size\">\u00c8 responsabilit\u00e0 del passeggero pagare una tassa di prenotazione di 20 euro a persona attraverso il sito web. E il resto del pagamento alla fine dell'attivit\u00e0.<\/h2>\n\n\n\n<h3 class=\"wp-block-heading has-text-align-center has-base-2-background-color has-background has-small-font-size\">G.G.A.parapente conferma la prenotazione per iscritto, per telefono o per e-mail. In caso di prenotazione di un buono regalo, questo viene inviato immediatamente al cliente, poich\u00e9 l'intero importo \u00e8 dovuto. In caso di mancata presentazione al punto di incontro nelle date prestabilite, viene comunque richiesto l'intero importo. I buoni regalo scadono 3 mesi dopo la data di emissione. Le richieste di rimborso di un buono regalo o di una prenotazione da parte del partecipante non sono pi\u00f9 valide dopo 14 giorni dall'acquisto o dall'emissione.<\/h3>\n\n\n\n<h2 class=\"wp-block-heading has-text-align-center has-text-color has-medium-font-size\" style=\"color:#000000\"><strong>CANCELLAZIONE DA PARTE DEL PASSEGGERO<\/strong><\/h2>\n\n\n\n<h3 class=\"wp-block-heading has-text-align-center has-base-2-background-color has-background has-small-font-size\">Il cliente ha il diritto di recedere dal contratto entro 14 giorni dal ricevimento del biglietto senza indicarne i motivi, ma solo con un preavviso. Finch\u00e9 non \u00e8 stata fissata una data per l'attivit\u00e0, non verr\u00e0 effettuato alcun rimborso. Non \u00e8 possibile una revoca successiva. In caso contrario, il costo del rimborso sar\u00e0 a carico del cliente.<\/h3>\n\n\n\n<h3 class=\"wp-block-heading has-text-align-center has-base-2-background-color has-background has-small-font-size\">Allo stesso tempo, \u00e8 possibile trasferire i servizi pagati a un altro beneficiario.<\/h3>\n\n\n\n<h3 class=\"wp-block-heading has-text-align-center has-base-2-background-color has-background has-small-font-size\">Non \u00e8 prevista alcuna richiesta di risarcimento danni, di rimborso del biglietto aereo o di rimborso di eventuali spese sostenute in caso di consegna tardiva o ritardata.<\/h3>\n\n\n\n<h3 class=\"wp-block-heading has-text-align-center has-base-2-background-color has-background has-small-font-size\">Il parapendio G.G.A. offre un servizio di navetta per il sito di volo. Se il servizio navetta non \u00e8 necessario, il viaggio verso il sito di volo \u00e8 a carico del passeggero.<\/h3>\n\n\n\n<h3 class=\"wp-block-heading has-text-align-center has-base-2-background-color has-background has-small-font-size\">Le prenotazioni e i voli sono vincolanti e possono essere cancellati solo fino a 12 ore prima della data prevista. Se il passeggero non si presenta alla data concordata senza avvisare il pilota (G.G.A.paragliding), o si presenta sotto l'effetto di alcol o droghe, gli verranno addebitati 120\u20ac come risarcimento.<strong>.<\/strong><\/h3>\n\n\n\n<h3 class=\"wp-block-heading has-text-align-center has-base-2-background-color has-background has-small-font-size\">Se il partecipante interrompe l'attivit\u00e0 o la abbandona prematuramente, non \u00e8 previsto alcun rimborso. Eventuali costi aggiuntivi saranno a carico del partecipante.<\/h3>\n\n\n\n<h3 class=\"wp-block-heading has-text-align-center has-base-2-background-color has-background has-small-font-size\">Le prenotazioni e i biglietti regalo hanno una validit\u00e0 di 3 mesi, trascorsi i quali l'attivit\u00e0 non potr\u00e0 essere svolta e il biglietto regalo o la prenotazione andranno persi.<\/h3>\n\n\n\n<h2 class=\"wp-block-heading has-text-align-center has-text-color has-medium-font-size\" style=\"color:#000000\"><strong>DATE CONCORDATE \/ METEO<\/strong> <strong>e tempo di volo<\/strong><\/h2>\n\n\n\n<h2 class=\"wp-block-heading has-text-align-center has-base-2-background-color has-background has-small-font-size\">I voli in parapendio dipendono dalle condizioni meteorologiche. Il giorno prima o il giorno stesso del volo, vi informeremo sulle condizioni meteorologiche e se \u00e8 possibile volare. Se le condizioni meteorologiche non sono adatte al volo, il volo deve essere rimandato.<\/h2>\n\n\n\n<h3 class=\"wp-block-heading has-text-align-center has-base-2-background-color has-background has-small-font-size\">Si precisa espressamente che non esiste il diritto di volare, anche se le date sono fissate, se le condizioni meteorologiche non lo consentono. Non sussiste alcun diritto al risarcimento dei danni, al rimborso del prezzo del volo o al rimborso delle spese sostenute in caso di ritardo o consegna tardiva. Rimane invece la richiesta di riconoscimento del volo.<\/h3>\n\n\n\n<h3 class=\"wp-block-heading has-text-align-center has-base-2-background-color has-background has-small-font-size\">Il luogo del volo \u00e8 determinato dal G.G.A. paragliding in base alle condizioni meteorologiche. I dettagli del volo sono stabiliti dal pilota. La durata del volo passeggeri dipende dalle condizioni meteorologiche. Il pilota \u00e8 sempre responsabile dell'esecuzione del volo. Il pilota ha il diritto di cancellare il volo se ritiene che i passeggeri non siano in condizioni adeguate o se ritiene che le condizioni esterne (meteo, vento, terreno, materiale) non siano adatte. Il passeggero conferma che la sua partecipazione \u00e8 di interesse personale, per familiarizzare con lo sport del parapendio.<\/h3>\n\n\n\n<h3 class=\"wp-block-heading has-text-align-center has-base-2-background-color has-background has-small-font-size\">La durata del volo in parapendio a Tenerife pu\u00f2 variare a seconda delle condizioni meteorologiche. Non saranno concessi sconti per variazioni di durata dovute alle condizioni meteorologiche.<\/h3>\n\n\n\n<h2 class=\"wp-block-heading has-text-align-center has-text-color has-medium-font-size\" style=\"color:#000000\"><strong>RESPONSABILIT\u00c0 E ASSICURAZIONE<\/strong><\/h2>\n\n\n\n<h3 class=\"wp-block-heading has-text-align-center has-base-2-background-color has-background has-small-font-size\">Nel contesto delle nostre prestazioni di volo in tandem, siamo responsabili solo per i danni causati da grave negligenza e\/o dolo del pilota. Nella misura consentita dalla legge, i passeggeri esonerano i piloti e la societ\u00e0 ggaparapente, tandem da qualsiasi responsabilit\u00e0, che vada oltre l'assicurazione esistente. Poich\u00e9 il passeggero comprende e accetta, effettuando la prenotazione e l'attivit\u00e0, che si tratta di un'attivit\u00e0 rischiosa.<\/h3>\n\n\n\n<h3 class=\"wp-block-heading has-text-align-center has-base-2-background-color has-background has-small-font-size\">Se il G.G.A.paragliding trasferisce la prestazione a una societ\u00e0\/un club partner, il G.G.A.paragliding non \u00e8 responsabile delle azioni e delle omissioni del partner. In particolare, il G.G.A.paragliding non \u00e8 responsabile per i danni derivanti da azioni o omissioni del pilota che non sono correlate al servizio concordato contrattualmente.<\/h3>\n\n\n\n<h3 class=\"wp-block-heading has-text-align-center has-base-2-background-color has-background has-small-font-size\">Il G.G.A.paragliding non \u00e8 responsabile per i danni derivanti da atti di terzi, altri partecipanti, eventi naturali, ordini ufficiali, ecc. Se un partecipante non si attiene alle istruzioni dell'organizzatore, del pilota, ecc.<\/h3>\n\n\n\n<h2 class=\"wp-block-heading has-text-align-center has-text-color has-medium-font-size\" style=\"color:#000000\"><strong>Prezzi<\/strong> Parapendio G.G.A.<\/h2>\n\n\n\n<h3 class=\"wp-block-heading has-text-align-center has-base-2-background-color has-background has-small-font-size\">Voli sul Teide 150\u20ac - 200\u20ac.<\/h3>\n\n\n\n<p class=\"has-text-align-center has-base-2-background-color has-background has-small-font-size\">Voli da Adeje 100 \u20ac.<\/p>\n\n\n\n<p class=\"has-text-align-center has-base-2-background-color has-background has-small-font-size\">Volo in parapendio Tenerife Nord 120\u20ac - 180\u20ac.<\/p>\n\n\n\n<p class=\"has-text-align-center has-base-2-background-color has-background has-small-font-size\">Video dell'attivit\u00e0 (residenti 20\u20ac) (non residenti 30\u20ac)<\/p>\n\n\n\n<p class=\"has-text-align-center has-base-2-background-color has-background has-small-font-size\">Oltre 100 kg (+30\u20ac)<\/p>\n\n\n\n<h2 class=\"wp-block-heading has-text-align-center has-text-color has-medium-font-size\" style=\"color:#000000\"><strong>Prezzi<\/strong> La tua guida<\/h2>\n\n\n\n<p class=\"has-text-align-center has-base-2-background-color has-background has-small-font-size\">Oltre 100 kg (+30\u20ac)<\/p>\n\n\n\n<p class=\"has-text-align-center has-base-2-background-color has-background has-small-font-size\">Video dell'attivit\u00e0 50\u20ac.<\/p>\n\n\n\n<p><\/p>","protected":false},"excerpt":{"rendered":"<p>\u26a0 RIESGO DE LA ACTIVIDAD El parapente es una actividad de aventura que implica riesgos inherentes, como ca\u00eddas, colisiones, cambios meteorol\u00f3gicos inesperados y posibles lesiones graves, incluso la muerte. Aunque tomamos todas las medidas de seguridad, el riesgo no se puede eliminar por completo. Al marcar la casilla de reserva, el pasajero acepta estos riesgos &#8230; <a title=\"termini e condizioni\" class=\"read-more\" href=\"https:\/\/www.ggaparapente.com\/it\/termini-e-condizioni\/\" aria-label=\"More on t\u00e9rminos y condiciones\">Leggi tutto<\/a><\/p>","protected":false},"author":2,"featured_media":0,"parent":0,"menu_order":0,"comment_status":"closed","ping_status":"closed","template":"","meta":{"_monsterinsights_skip_tracking":false,"_monsterinsights_sitenote_active":false,"_monsterinsights_sitenote_note":"","_monsterinsights_sitenote_category":0,"footnotes":""},"class_list":["post-4971","page","type-page","status-publish"],"_links":{"self":[{"href":"https:\/\/www.ggaparapente.com\/it\/wp-json\/wp\/v2\/pages\/4971","targetHints":{"allow":["GET"]}}],"collection":[{"href":"https:\/\/www.ggaparapente.com\/it\/wp-json\/wp\/v2\/pages"}],"about":[{"href":"https:\/\/www.ggaparapente.com\/it\/wp-json\/wp\/v2\/types\/page"}],"author":[{"embeddable":true,"href":"https:\/\/www.ggaparapente.com\/it\/wp-json\/wp\/v2\/users\/2"}],"replies":[{"embeddable":true,"href":"https:\/\/www.ggaparapente.com\/it\/wp-json\/wp\/v2\/comments?post=4971"}],"version-history":[{"count":1,"href":"https:\/\/www.ggaparapente.com\/it\/wp-json\/wp\/v2\/pages\/4971\/revisions"}],"predecessor-version":[{"id":6098,"href":"https:\/\/www.ggaparapente.com\/it\/wp-json\/wp\/v2\/pages\/4971\/revisions\/6098"}],"wp:attachment":[{"href":"https:\/\/www.ggaparapente.com\/it\/wp-json\/wp\/v2\/media?parent=4971"}],"curies":[{"name":"wp","href":"https:\/\/api.w.org\/{rel}","templated":true}]}}