{"id":387,"date":"2019-08-15T10:54:29","date_gmt":"2019-08-15T10:54:29","guid":{"rendered":"https:\/\/www.ggaparapente.com\/?page_id=387"},"modified":"2025-05-17T19:38:08","modified_gmt":"2025-05-17T19:38:08","slug":"chi-siamo","status":"publish","type":"page","link":"https:\/\/www.ggaparapente.com\/it\/chi-siamo\/","title":{"rendered":"Sobre nosotros"},"content":{"rendered":"<h2 class=\"wp-block-heading has-text-align-center has-large-font-size\"><strong>gli inizi del parapendio G.G.A.<\/strong><\/h2>\n\n\n\n<p class=\"has-text-align-center has-small-font-size\">\u00c8 iniziata come una passione e uno stile di vita, poich\u00e9 il volo \u00e8 diventato il nostro fascino quotidiano. I lavori \u00abtradizionali\u00bb si sono rivelati incompatibili con ci\u00f2 che i nostri cuori desideravano, cos\u00ec abbiamo rapidamente creato GGAparapente nel 2017. Da allora, abbiamo avuto il privilegio di realizzare il sogno di volare per migliaia di persone ogni anno. Il nostro obiettivo \u00e8 fornire esperienze indimenticabili in aria, dove libert\u00e0 ed eccitazione si intrecciano in ogni volo. Siamo orgogliosi di far parte del viaggio di coloro che desiderano sfidare la gravit\u00e0 e vedere il mondo da una prospettiva unica. Noi di GGAparapente trasformiamo i sogni in realt\u00e0 e condividiamo la meraviglia del volo con chi desidera scoprire la gioia di alzarsi in volo.<\/p>\n\n\n\n<div class=\"wp-block-media-text alignfull has-media-on-the-right is-vertically-aligned-center is-image-fill-element has-base-3-background-color has-background\"><div class=\"wp-block-media-text__content\">\n<h3 class=\"wp-block-heading has-text-align-center has-regular-font-size\">pilota di tandem e fondatore<\/h3>\n\n\n\n<p class=\"has-text-align-center\"><strong>&nbsp;\u00abIl pi\u00f9 veloce, il pi\u00f9 alto e il pi\u00f9 lontano possibile\u00bb.\u00bb<\/strong><\/p>\n\n\n\n<p class=\"has-text-align-center has-small-font-size\">Fin da bambino ho sempre avuto l'ossessione di voler volare, che si trattasse di skateboard, kitesurf, paracadutismo, finch\u00e9 non ho trovato la mia passione, che \u00e8 e sar\u00e0 sempre il parapendio. <a href=\"https:\/\/www.ggaparapente.com\/wp-content\/uploads\/2022\/08\/Cerficado-FECDA-Gaston-Gomes.jpg\">Vedere la qualifica <\/a><\/p>\n<\/div><figure class=\"wp-block-media-text__media\"><img loading=\"lazy\" decoding=\"async\" width=\"1024\" height=\"655\" src=\"https:\/\/www.ggaparapente.com\/wp-content\/uploads\/2019\/10\/parapente-monitores-e1660870496130-1024x655.jpg\" alt=\"\" class=\"wp-image-1113 size-full\" style=\"object-position:48% 48%\" title=\"\" srcset=\"https:\/\/www.ggaparapente.com\/wp-content\/uploads\/2019\/10\/parapente-monitores-e1660870496130-1024x655.jpg 1024w, https:\/\/www.ggaparapente.com\/wp-content\/uploads\/2019\/10\/parapente-monitores-e1660870496130-300x192.jpg 300w, https:\/\/www.ggaparapente.com\/wp-content\/uploads\/2019\/10\/parapente-monitores-e1660870496130-768x491.jpg 768w, https:\/\/www.ggaparapente.com\/wp-content\/uploads\/2019\/10\/parapente-monitores-e1660870496130-1536x983.jpg 1536w, https:\/\/www.ggaparapente.com\/wp-content\/uploads\/2019\/10\/parapente-monitores-e1660870496130-2048x1310.jpg 2048w\" sizes=\"auto, (max-width: 1024px) 100vw, 1024px\" \/><\/figure><\/div>\n\n\n\n<div class=\"wp-block-media-text alignfull is-vertically-aligned-center is-image-fill-element has-base-3-background-color has-background\"><figure class=\"wp-block-media-text__media\"><img loading=\"lazy\" decoding=\"async\" width=\"768\" height=\"1024\" src=\"https:\/\/www.ggaparapente.com\/wp-content\/uploads\/2022\/12\/intructor-de-parapente-pedro-768x1024.jpg\" alt=\"\" class=\"wp-image-4138 size-full\" style=\"object-position:50% 28%\" title=\"\" srcset=\"https:\/\/www.ggaparapente.com\/wp-content\/uploads\/2022\/12\/intructor-de-parapente-pedro-768x1024.jpg 768w, https:\/\/www.ggaparapente.com\/wp-content\/uploads\/2022\/12\/intructor-de-parapente-pedro-225x300.jpg 225w, https:\/\/www.ggaparapente.com\/wp-content\/uploads\/2022\/12\/intructor-de-parapente-pedro-1152x1536.jpg 1152w, https:\/\/www.ggaparapente.com\/wp-content\/uploads\/2022\/12\/intructor-de-parapente-pedro-scaled.jpg 1536w\" sizes=\"auto, (max-width: 768px) 100vw, 768px\" \/><\/figure><div class=\"wp-block-media-text__content\">\n<h3 class=\"wp-block-heading has-text-align-center has-text-color has-regular-font-size\" style=\"color:#000000\">pilota di tandem<\/h3>\n\n\n\n<p class=\"has-text-align-center has-extra-small-font-size\"><em><strong>\u00abSono cos\u00ec appassionato di volo che ho trascorso ogni minuto libero in aria\u00bb.\u00bb<\/strong><\/em><\/p>\n\n\n\n<p class=\"has-text-align-center has-contrast-color has-text-color has-small-font-size\">Fin da bambino, le montagne di Tenerife erano il grande parco giochi di Pedro. Ha sperimentato il fascino del bungee jumping, dell'arrampicata, del paracadutismo e di innumerevoli altre attivit\u00e0 prima di scoprire il parapendio. <a href=\"https:\/\/www.ggaparapente.com\/wp-content\/uploads\/2022\/08\/Cerficado-FECDA-Pedro-Catala.jpg\">Vedere la qualifica <\/a><\/p>\n<\/div><\/div>\n\n\n\n<div class=\"wp-block-media-text alignfull has-media-on-the-right is-vertically-aligned-center is-image-fill-element has-base-3-background-color has-background\"><div class=\"wp-block-media-text__content\">\n<h3 class=\"wp-block-heading has-text-align-center has-text-color has-regular-font-size\" style=\"color:#000000\">pilota di tandem<\/h3>\n\n\n\n<p class=\"has-text-align-center has-extra-small-font-size\"><em><strong>\u00abDalle cime delle montagne al volo\u00bb.\u00bb<\/strong><\/em><\/p>\n\n\n\n<p class=\"has-text-align-center has-small-font-size\"><br>Ad ogni volo, Aurelio, l'intrepido volatore, sfida i limiti del cielo, alimentando il suo spirito indomito con l'appagamento e la passione che solo il volo pu\u00f2 dare.<a href=\"https:\/\/www.ggaparapente.com\/wp-content\/uploads\/2023\/05\/FECDA-2023.pdf\" data-type=\"URL\" data-id=\"https:\/\/www.ggaparapente.com\/wp-content\/uploads\/2023\/05\/FECDA-2023.pdf\">Vedere la qualifica <\/a><\/p>\n<\/div><figure class=\"wp-block-media-text__media\"><img loading=\"lazy\" decoding=\"async\" width=\"768\" height=\"1024\" src=\"https:\/\/www.ggaparapente.com\/wp-content\/uploads\/2023\/05\/IMG-6694-768x1024.jpg\" alt=\"\" class=\"wp-image-5477 size-full\" style=\"object-position:47% 40%\" title=\"\" srcset=\"https:\/\/www.ggaparapente.com\/wp-content\/uploads\/2023\/05\/IMG-6694-768x1024.jpg 768w, https:\/\/www.ggaparapente.com\/wp-content\/uploads\/2023\/05\/IMG-6694-225x300.jpg 225w, https:\/\/www.ggaparapente.com\/wp-content\/uploads\/2023\/05\/IMG-6694-1152x1536.jpg 1152w, https:\/\/www.ggaparapente.com\/wp-content\/uploads\/2023\/05\/IMG-6694-scaled.jpg 1536w\" sizes=\"auto, (max-width: 768px) 100vw, 768px\" \/><\/figure><\/div>\n\n\n\n<div class=\"wp-block-media-text alignfull is-vertically-aligned-center is-image-fill-element has-base-3-background-color has-background\"><figure class=\"wp-block-media-text__media\"><img loading=\"lazy\" decoding=\"async\" width=\"768\" height=\"1024\" src=\"https:\/\/www.ggaparapente.com\/wp-content\/uploads\/2023\/05\/IMG-6695-768x1024.jpg\" alt=\"\" class=\"wp-image-5482 size-full\" style=\"object-position:47% 36%\" title=\"\" srcset=\"https:\/\/www.ggaparapente.com\/wp-content\/uploads\/2023\/05\/IMG-6695-768x1024.jpg 768w, https:\/\/www.ggaparapente.com\/wp-content\/uploads\/2023\/05\/IMG-6695-225x300.jpg 225w, https:\/\/www.ggaparapente.com\/wp-content\/uploads\/2023\/05\/IMG-6695-1152x1536.jpg 1152w, https:\/\/www.ggaparapente.com\/wp-content\/uploads\/2023\/05\/IMG-6695-scaled.jpg 1536w\" sizes=\"auto, (max-width: 768px) 100vw, 768px\" \/><\/figure><div class=\"wp-block-media-text__content\">\n<h3 class=\"wp-block-heading has-text-align-center has-text-color has-regular-font-size\" style=\"color:#000000\">Autista<\/h3>\n\n\n\n<p class=\"has-text-align-center has-small-font-size\"><br>Guido con passione e responsabilit\u00e0, guidando i parapendisti verso il loro incontro con il cielo, assistendo alle loro emozioni mentre spiegano le ali e raggiungono nuovi orizzonti.<\/p>\n<\/div><\/div>\n\n\n\n<div class=\"wp-block-cover alignfull\" style=\"min-height:87px;aspect-ratio:unset;\"><span aria-hidden=\"true\" class=\"wp-block-cover__background has-background-dim-100 has-background-dim\" style=\"background-color:#252628\"><\/span><div class=\"wp-block-cover__inner-container is-layout-flow wp-block-cover-is-layout-flow\">\n<h1 class=\"wp-block-heading has-text-align-center has-large-font-size\">Partner<\/h1>\n<\/div><\/div>\n\n\n<div class=\"wp-block-image\">\n<figure class=\"aligncenter size-full is-resized\"><a href=\"https:\/\/madparapente.com\/\" target=\"_blank\" rel=\"noopener\"><img loading=\"lazy\" decoding=\"async\" width=\"700\" height=\"400\" src=\"https:\/\/www.ggaparapente.com\/wp-content\/uploads\/2023\/03\/logo-01.png\" alt=\"\" class=\"wp-image-5300\" style=\"width:219px;height:125px\" title=\"\" srcset=\"https:\/\/www.ggaparapente.com\/wp-content\/uploads\/2023\/03\/logo-01.png 700w, https:\/\/www.ggaparapente.com\/wp-content\/uploads\/2023\/03\/logo-01-300x171.png 300w\" sizes=\"auto, (max-width: 700px) 100vw, 700px\" \/><\/a><\/figure>\n<\/div>\n\n\n<p class=\"has-text-align-center has-contrast-2-color has-text-color\">Corsi di parapendio, paramotore e parapendio a Madrid.&nbsp;<\/p>\n\n\n\n<div class=\"wp-block-cover alignfull\"><span aria-hidden=\"true\" class=\"wp-block-cover__background has-base-3-background-color has-background-dim-100 has-background-dim\"><\/span><div class=\"wp-block-cover__inner-container is-layout-flow wp-block-cover-is-layout-flow\"><div class=\"wp-block-image\">\n<figure class=\"aligncenter size-full\"><a href=\"https:\/\/alamair.com\" target=\"_blank\" rel=\"noopener\"><img loading=\"lazy\" decoding=\"async\" width=\"250\" height=\"75\" src=\"https:\/\/www.ggaparapente.com\/wp-content\/uploads\/2023\/03\/alamair-logo.png\" alt=\"\" class=\"wp-image-5291\" title=\"\"><\/a><\/figure>\n<\/div>\n\n\n<p class=\"has-text-align-center has-contrast-2-color has-text-color\">Negozio di parapendio a Madrid. Le migliori marche di parapendio Ozone, Supair, Woody Valley.<\/p>\n\n\n<div class=\"wp-block-image\">\n<figure class=\"aligncenter size-full is-resized\"><a href=\"https:\/\/www.evolvendoexperience.com\/\" target=\"_blank\" rel=\"noopener\"><img loading=\"lazy\" decoding=\"async\" width=\"683\" height=\"590\" src=\"https:\/\/www.ggaparapente.com\/wp-content\/uploads\/2023\/03\/unnamed.jpg\" alt=\"\" class=\"wp-image-5297\" style=\"width:237px;height:205px\" title=\"\" srcset=\"https:\/\/www.ggaparapente.com\/wp-content\/uploads\/2023\/03\/unnamed.jpg 683w, https:\/\/www.ggaparapente.com\/wp-content\/uploads\/2023\/03\/unnamed-300x259.jpg 300w\" sizes=\"auto, (max-width: 683px) 100vw, 683px\" \/><\/a><\/figure>\n<\/div>\n\n\n<p class=\"has-text-align-center has-contrast-2-color has-text-color\"> la vostra migliore esperienza offrendovi diverse soluzioni di viaggio, tra cui corsi, alloggi e altre attivit\u00e0 sull'isola.<\/p>\n\n\n<div class=\"wp-block-image\">\n<figure class=\"aligncenter size-full\"><a href=\"http:\/\/pkskitesurftenerife.es\/en\/\" target=\"_blank\" rel=\"noopener\"><img loading=\"lazy\" decoding=\"async\" width=\"200\" height=\"99\" src=\"https:\/\/www.ggaparapente.com\/wp-content\/uploads\/2023\/03\/Risorsa-1small-1.png\" alt=\"\" class=\"wp-image-5295\" title=\"\"><\/a><\/figure>\n<\/div>\n\n\n<p class=\"has-text-align-center has-contrast-2-color has-text-color\">&nbsp;la scuola di kitesurf numero uno a Tenerife dove potrete realizzare il vostro sogno. Offriamo corsi di kitesurf, wingfoil e surf.<\/p>\n<\/div><\/div>","protected":false},"excerpt":{"rendered":"<p>inicios de G.G.A.parapente Comenz\u00f3 como una pasi\u00f3n y un estilo de vida, ya que volar se convirti\u00f3 en nuestra fascinaci\u00f3n diaria. Los trabajos \u00abtradicionales\u00bb resultaron incompatibles con lo que nuestros corazones anhelaban, por lo que r\u00e1pidamente creamos GGAparapente en 2017. Desde entonces, hemos tenido el privilegio de hacer realidad el sue\u00f1o de volar para miles &#8230; <a title=\"Sobre nosotros\" class=\"read-more\" href=\"https:\/\/www.ggaparapente.com\/it\/chi-siamo\/\" aria-label=\"More on Sobre nosotros\">Leggi tutto<\/a><\/p>","protected":false},"author":1,"featured_media":0,"parent":0,"menu_order":0,"comment_status":"closed","ping_status":"closed","template":"","meta":{"_monsterinsights_skip_tracking":false,"_monsterinsights_sitenote_active":false,"_monsterinsights_sitenote_note":"","_monsterinsights_sitenote_category":0,"footnotes":""},"class_list":["post-387","page","type-page","status-publish"],"_links":{"self":[{"href":"https:\/\/www.ggaparapente.com\/it\/wp-json\/wp\/v2\/pages\/387","targetHints":{"allow":["GET"]}}],"collection":[{"href":"https:\/\/www.ggaparapente.com\/it\/wp-json\/wp\/v2\/pages"}],"about":[{"href":"https:\/\/www.ggaparapente.com\/it\/wp-json\/wp\/v2\/types\/page"}],"author":[{"embeddable":true,"href":"https:\/\/www.ggaparapente.com\/it\/wp-json\/wp\/v2\/users\/1"}],"replies":[{"embeddable":true,"href":"https:\/\/www.ggaparapente.com\/it\/wp-json\/wp\/v2\/comments?post=387"}],"version-history":[{"count":0,"href":"https:\/\/www.ggaparapente.com\/it\/wp-json\/wp\/v2\/pages\/387\/revisions"}],"wp:attachment":[{"href":"https:\/\/www.ggaparapente.com\/it\/wp-json\/wp\/v2\/media?parent=387"}],"curies":[{"name":"wp","href":"https:\/\/api.w.org\/{rel}","templated":true}]}}