{"id":1325,"date":"2019-10-30T20:09:00","date_gmt":"2019-10-30T20:09:00","guid":{"rendered":"https:\/\/www.ggaparapente.com\/?page_id=1325"},"modified":"2024-06-07T13:48:45","modified_gmt":"2024-06-07T13:48:45","slug":"buono-regalo","status":"publish","type":"page","link":"https:\/\/www.ggaparapente.com\/it\/buono-regalo\/","title":{"rendered":"buono regalo"},"content":{"rendered":"<div class=\"wp-block-cover alignfull has-contrast-color has-text-color has-link-color wp-elements-327a8dae9e6e5065a9465c92aa1146a5\" style=\"min-height:50px;aspect-ratio:unset;\"><span aria-hidden=\"true\" class=\"wp-block-cover__background has-base-3-background-color has-background-dim-100 has-background-dim\"><\/span><div class=\"wp-block-cover__inner-container is-layout-flow wp-block-cover-is-layout-flow\">\n<h1 class=\"wp-block-heading has-text-align-center has-large-font-size\"><strong>Buoni regalo<\/strong><\/h1>\n<\/div><\/div>\n\n\n\n<div class=\"wp-block-cover alignfull has-contrast-color has-text-color has-link-color wp-elements-c9c1073ede741616ed82bc824c8dc035\"><span aria-hidden=\"true\" class=\"wp-block-cover__background has-base-3-background-color has-background-dim-100 has-background-dim\"><\/span><div class=\"wp-block-cover__inner-container is-layout-flow wp-block-cover-is-layout-flow\">\n<h2 class=\"wp-block-heading has-text-align-center has-base-3-color has-text-color has-background has-link-color has-medium-font-size wp-elements-d7fe340b91564e82ac3fbf01d54bfae9\" style=\"background-color:#000000\"><strong>Procedura per effettuare la donazione<\/strong><\/h2>\n\n\n\n<h2 class=\"wp-block-heading has-text-align-center has-small-font-size\"><strong>1.Effettuare il pagamento con il nome e cognome della persona che ricever\u00e0 il regalo.<\/strong><\/h2>\n\n\n\n<h2 class=\"wp-block-heading has-text-align-center has-small-font-size\"><strong>Contattateci via whatsapp o telefonicamente, verificheremo il deposito e vi invieremo il buono regalo.<\/strong><\/h2>\n\n\n\n<h2 class=\"wp-block-heading has-text-align-center has-small-font-size\"><strong>3. Regalate l'esperienza ad amici o parenti e contattateci nuovamente con il buono regalo.<\/strong><\/h2>\n\n\n\n<h2 class=\"wp-block-heading has-text-align-center has-small-font-size\"><strong>4. Pronti ad andare sulle nuvole.<\/strong><\/h2>\n\n\n\n<p class=\"has-text-align-center has-contrast-color has-base-3-background-color has-text-color has-background\" style=\"font-size:10px\"><strong>NOTA BENE: il peso deve essere compreso tra 20 kg e 100 kg, con un supplemento di 30 euro per chi supera i 90 kg. Non c'\u00e8 un limite minimo di et\u00e0, ma l'et\u00e0 massima \u00e8 di 70 anni. L'altezza minima per i bambini \u00e8 di 100 cm, mentre l'altezza massima consentita \u00e8 di 200 cm.<\/strong><\/p>\n\n\n\n<p class=\"has-text-align-center\" style=\"font-size:10px\"><strong>ATTENZIONE: avete tre mesi di tempo per riscattare il vostro biglietto o la vostra prenotazione, un tempo sufficiente per poter svolgere l'attivit\u00e0.<\/strong><\/p>\n<\/div><\/div>\n\n\n\n<hr class=\"wp-block-separator has-alpha-channel-opacity is-style-dots\"\/>\n\n\n\n<p class=\"has-text-align-center\">TEN PARAPENTE, S.L.U.<br> Bonifico bancario - BBVA<br>IBAN: <strong>ES2501823282930201587390<\/strong><\/p>\n\n\n\n<div class=\"wp-block-cover alignfull has-small-font-size\" style=\"min-height:144px;aspect-ratio:unset;\"><span aria-hidden=\"true\" class=\"wp-block-cover__background has-base-3-background-color has-background-dim-100 has-background-dim\"><\/span><div class=\"wp-block-cover__inner-container is-layout-flow wp-block-cover-is-layout-flow\">\n<p class=\"has-text-align-center has-contrast-color has-text-color has-medium-font-size\"><strong>Contatto con noi<\/strong><\/p>\n\n\n\n<div class=\"wp-block-buttons has-custom-font-size has-small-font-size is-content-justification-center is-layout-flex wp-container-core-buttons-is-layout-16018d1d wp-block-buttons-is-layout-flex\">\n<div class=\"wp-block-button has-custom-width wp-block-button__width-50 is-style-outline is-style-outline--1\"><a class=\"wp-block-button__link has-contrast-color has-base-3-background-color has-text-color has-background wp-element-button\" href=\"TEL:+34628346948\" style=\"border-radius:15px\"><strong> CHIAMATA<\/strong><\/a><\/div>\n\n\n\n<div class=\"wp-block-button has-custom-width wp-block-button__width-50 is-style-outline is-style-outline--2\"><a class=\"wp-block-button__link has-contrast-color has-base-3-background-color has-text-color has-background wp-element-button\" href=\"https:\/\/api.whatsapp.com\/send\/?phone=34628346948&amp;text=Hola+buenas+me+gustar%C3%ADa+reservar+mi+vuelo+en+parapente&amp;type=phone_number&amp;app_absent=0\" style=\"border-radius:15px\" target=\"_blank\" rel=\"noopener\"><strong>whatsapp<\/strong><\/a><\/div>\n<\/div>\n<\/div><\/div>\n\n\n\n<div style=\"height:69px\" aria-hidden=\"true\" class=\"wp-block-spacer\"><\/div>","protected":false},"excerpt":{"rendered":"<p>TEN PARAPENTE, S.L.U. Transferencia bancaria &#8211; BBVAIBAN: ES2501823282930201587390<\/p>","protected":false},"author":1,"featured_media":0,"parent":0,"menu_order":0,"comment_status":"closed","ping_status":"closed","template":"","meta":{"_monsterinsights_skip_tracking":false,"_monsterinsights_sitenote_active":false,"_monsterinsights_sitenote_note":"","_monsterinsights_sitenote_category":0,"footnotes":""},"class_list":["post-1325","page","type-page","status-publish"],"_links":{"self":[{"href":"https:\/\/www.ggaparapente.com\/it\/wp-json\/wp\/v2\/pages\/1325","targetHints":{"allow":["GET"]}}],"collection":[{"href":"https:\/\/www.ggaparapente.com\/it\/wp-json\/wp\/v2\/pages"}],"about":[{"href":"https:\/\/www.ggaparapente.com\/it\/wp-json\/wp\/v2\/types\/page"}],"author":[{"embeddable":true,"href":"https:\/\/www.ggaparapente.com\/it\/wp-json\/wp\/v2\/users\/1"}],"replies":[{"embeddable":true,"href":"https:\/\/www.ggaparapente.com\/it\/wp-json\/wp\/v2\/comments?post=1325"}],"version-history":[{"count":0,"href":"https:\/\/www.ggaparapente.com\/it\/wp-json\/wp\/v2\/pages\/1325\/revisions"}],"wp:attachment":[{"href":"https:\/\/www.ggaparapente.com\/it\/wp-json\/wp\/v2\/media?parent=1325"}],"curies":[{"name":"wp","href":"https:\/\/api.w.org\/{rel}","templated":true}]}}