{"id":5821,"date":"2024-10-24T20:31:16","date_gmt":"2024-10-24T20:31:16","guid":{"rendered":"https:\/\/www.ggaparapente.com\/?page_id=5821"},"modified":"2024-10-24T21:26:50","modified_gmt":"2024-10-24T21:26:50","slug":"transport-pour-parapentistes-en-tenerife-voyage-a-izana-et-decollage-a-2200m","status":"publish","type":"page","link":"https:\/\/www.ggaparapente.com\/fr\/transport-pour-parapentistes-en-tenerife-voyage-a-izana-et-decollage-a-2200m\/","title":{"rendered":"Transport pour parapentistes \u00e0 T\u00e9n\u00e9rife : Voyage \u00e0 Iza\u00f1a et d\u00e9collage \u00e0 2200m"},"content":{"rendered":"<div class=\"wp-block-cover alignfull is-light\" style=\"min-height:100vh;aspect-ratio:unset;\"><span aria-hidden=\"true\" class=\"wp-block-cover__background has-background-dim-100 has-background-dim\" style=\"background-color:#ffffff\"><\/span><div class=\"wp-block-cover__inner-container is-layout-flow wp-block-cover-is-layout-flow\">\n<div class=\"wp-block-media-text alignwide is-stacked-on-mobile is-vertically-aligned-center is-image-fill\" style=\"grid-template-columns:56% auto\"><figure class=\"wp-block-media-text__media\" style=\"background-image:url(https:\/\/www.ggaparapente.com\/wp-content\/uploads\/2024\/10\/DALL\u00b7E-2024-10-24-20.36.56-An-illustration-of-a-Renault-Trafic-van-driving-up-a-mountain-road-towards-the-Izana-area-with-Mount-Teide-prominently-in-the-background.-The-van-is-.webp);background-position:50% 50%\"><img loading=\"lazy\" decoding=\"async\" width=\"1024\" height=\"1024\" src=\"https:\/\/www.ggaparapente.com\/wp-content\/uploads\/2024\/10\/DALL-E-2024-10-24-20.36.56-An-illustration-of-a-Renault-Trafic-van-driving-up-a-mountain-road-towards-the-Izana-area-with-Mount-Teide-prominently-in-the-background.-The-van-is-.webp\" alt=\"\" class=\"wp-image-5822 size-full\" title=\"\" srcset=\"\" sizes=\"auto, (max-width: 1024px) 100vw, 1024px\" data-srcset=\"\" \/><\/figure><div class=\"wp-block-media-text__content\">\n<h2 class=\"wp-block-heading has-text-color\" style=\"color:#000000;font-size:32px\"><strong>Transport sp\u00e9cialis\u00e9 pour parapentistes \u00e0 Iza\u00f1a<\/strong><\/h2>\n\n\n\n<p class=\"has-text-color\" style=\"color:#000000;font-size:17px\"><em>Transport professionnel pour parapentistes jusqu'au site de d\u00e9collage d'Iza\u00f1a. Que vous voliez seul ou en groupe, nous vous emm\u00e8nerons directement \u00e0 2200 m\u00e8tres d'altitude avec le meilleur service. R\u00e9servez votre place et profitez du vol en toute tranquillit\u00e9 !<\/em><\/p>\n\n\n\n<div class=\"wp-block-buttons is-layout-flex wp-block-buttons-is-layout-flex\"><\/div>\n<\/div><\/div>\n\n\n<div class=\"gb-container gb-container-d400af0f\">\n<div class=\"gb-container gb-container-e04b3174\">\n<div class=\"gb-container gb-container-25dcbec0\">\n\n<h2 class=\"gb-headline gb-headline-b0b08234 gb-headline-text\">Tarifs des transports vers Iza\u00f1a<\/h2>\n\n\n\n<div class=\"gb-headline gb-headline-9e62c019 gb-headline-text\">Nous proposons des formules de transport adapt\u00e9es \u00e0 vos besoins. Que vous souhaitiez un voyage exclusif ou que vous pr\u00e9f\u00e9riez profiter de nos vacations r\u00e9guli\u00e8res, voici nos tarifs.<\/div>\n\n<\/div>\n<\/div>\n\n<div class=\"gb-container gb-container-4faed120\">\n<div class=\"gb-grid-wrapper gb-grid-wrapper-93f1e1d7\">\n<div class=\"gb-grid-column gb-grid-column-3e60a742\"><div class=\"gb-container gb-container-3e60a742\">\n\n<h3 class=\"gb-headline gb-headline-1b8bd9cf\"><span class=\"gb-icon\"><svg aria-hidden=\"true\" role=\"img\" height=\"1em\" width=\"1em\" viewbox=\"0 0 512 512\" xmlns=\"http:\/\/www.w3.org\/2000\/svg\"><path fill=\"currentColor\" d=\"M256 56c110.532 0 200 89.451 200 200 0 110.532-89.451 200-200 200-110.532 0-200-89.451-200-200 0-110.532 89.451-200 200-200m0-48C119.033 8 8 119.033 8 256s111.033 248 248 248 248-111.033 248-248S392.967 8 256 8zm0 168c-44.183 0-80 35.817-80 80s35.817 80 80 80 80-35.817 80-80-35.817-80-80-80z\"><\/path><\/svg><\/span><span class=\"gb-headline-text\"><strong>Voyages priv\u00e9s<\/strong>:<br><strong>50 par personne<\/strong><\/span><\/h3>\n\n\n\n<div class=\"gb-headline gb-headline-a4079e76 gb-headline-text\">Ce prix s'adresse \u00e0 ceux qui souhaitent r\u00e9server leur transport \u00e0 l'heure qui leur convient - id\u00e9al si vous voulez prendre l'avion sans \u00eatre tributaire des horaires des autres !<\/div>\n\n<\/div><\/div>\n\n<div class=\"gb-grid-column gb-grid-column-40a5101d\"><div class=\"gb-container gb-container-40a5101d\">\n\n<h3 class=\"gb-headline gb-headline-67c9617f\"><span class=\"gb-icon\"><svg aria-hidden=\"true\" role=\"img\" height=\"1em\" width=\"1em\" viewbox=\"0 0 512 512\" xmlns=\"http:\/\/www.w3.org\/2000\/svg\"><path fill=\"currentColor\" d=\"M256 56c110.532 0 200 89.451 200 200 0 110.532-89.451 200-200 200-110.532 0-200-89.451-200-200 0-110.532 89.451-200 200-200m0-48C119.033 8 8 119.033 8 256s111.033 248 248 248 248-111.033 248-248S392.967 8 256 8zm0 168c-44.183 0-80 35.817-80 80s35.817 80 80 80 80-35.817 80-80-35.817-80-80-80z\"><\/path><\/svg><\/span><span class=\"gb-headline-text\"><strong>R\u00e9servation de groupe (4 personnes ou plus)<\/strong>:<br><strong>25 \u20ac par personne<\/strong><\/span><\/h3>\n\n\n\n<div class=\"gb-headline gb-headline-131ec34f gb-headline-text\">Si vous r\u00e9servez pour un groupe de 4 personnes ou plus, nous vous offrons un prix sp\u00e9cial. Voyager en groupe est plus \u00e9conomique et s\u00e9curise votre d\u00e9part.<\/div>\n\n<\/div><\/div>\n\n<div class=\"gb-grid-column gb-grid-column-cf56a6cf\"><div class=\"gb-container gb-container-cf56a6cf\">\n\n<h3 class=\"gb-headline gb-headline-763a104d\"><span class=\"gb-icon\"><svg aria-hidden=\"true\" role=\"img\" height=\"1em\" width=\"1em\" viewbox=\"0 0 512 512\" xmlns=\"http:\/\/www.w3.org\/2000\/svg\"><path fill=\"currentColor\" d=\"M256 56c110.532 0 200 89.451 200 200 0 110.532-89.451 200-200 200-110.532 0-200-89.451-200-200 0-110.532 89.451-200 200-200m0-48C119.033 8 8 119.033 8 256s111.033 248 248 248 248-111.033 248-248S392.967 8 256 8zm0 168c-44.183 0-80 35.817-80 80s35.817 80 80 80 80-35.817 80-80-35.817-80-80-80z\"><\/path><\/svg><\/span><span class=\"gb-headline-text\"><strong>Souplesse de la r\u00e9servation (adaptation \u00e0 nos horaires)<\/strong>:<br><strong>20 par personne<\/strong><\/span><\/h3>\n\n\n\n<div class=\"gb-headline gb-headline-07024b96 gb-headline-text\">Si vous pouvez vous adapter aux horaires disponibles (lorsque nous effectuons des vols en tandem ou que nous avons d\u00e9j\u00e0 d'autres passagers), vous pouvez profiter du voyage \u00e0 un prix r\u00e9duit - une option parfaite si vous voyagez seul ou en petit groupe !<\/div>\n\n<\/div><\/div>\n<\/div>\n<\/div>\n\n<div class=\"gb-container gb-container-efcb0052\">\n<div class=\"gb-container gb-container-e98b380e\">\n\n<h2 class=\"gb-headline gb-headline-dad297f5 gb-headline-text\">Processus de r\u00e9servation<\/h2>\n\n\n\n<div class=\"gb-headline gb-headline-9aad4537 gb-headline-text\">Pour effectuer votre r\u00e9servation, suivez les \u00e9tapes suivantes :<br><strong>Contact initial :<\/strong><br>Contactez-nous par WhatsApp pour v\u00e9rifier la disponibilit\u00e9 et obtenir la confirmation de votre r\u00e9servation. Vous pouvez nous envoyer un message sur .<\/div>\n\n\n\n<div class=\"wp-block-buttons is-content-justification-center is-layout-flex wp-container-core-buttons-is-layout-16018d1d wp-block-buttons-is-layout-flex\">\n<div class=\"wp-block-button is-style-outline is-style-outline--1\"><a class=\"wp-block-button__link has-contrast-color has-base-3-background-color has-text-color has-background has-text-align-center wp-element-button\" style=\"border-radius:15px\"><strong>whatsapp<\/strong><\/a><\/div>\n<\/div>\n\n\n\n<p class=\"has-text-align-center\">Effectuer le virement bancaire sur le compte suivant :<\/p>\n\n\n\n<p class=\"has-text-align-center\"><strong>TEN PARAPENTE, S.L.U.<\/strong><br><strong>Virement bancaire - BBVA<\/strong><br><strong>IBAN :<\/strong> ES2501823282930201587390<\/p>\n\n<\/div>\n<\/div>\n<\/div><\/div><\/div>\n\n\n\n<p><\/p>","protected":false},"excerpt":{"rendered":"","protected":false},"author":2,"featured_media":0,"parent":0,"menu_order":0,"comment_status":"closed","ping_status":"closed","template":"","meta":{"_monsterinsights_skip_tracking":false,"_monsterinsights_sitenote_active":false,"_monsterinsights_sitenote_note":"","_monsterinsights_sitenote_category":0,"footnotes":""},"class_list":["post-5821","page","type-page","status-publish"],"_links":{"self":[{"href":"https:\/\/www.ggaparapente.com\/fr\/wp-json\/wp\/v2\/pages\/5821","targetHints":{"allow":["GET"]}}],"collection":[{"href":"https:\/\/www.ggaparapente.com\/fr\/wp-json\/wp\/v2\/pages"}],"about":[{"href":"https:\/\/www.ggaparapente.com\/fr\/wp-json\/wp\/v2\/types\/page"}],"author":[{"embeddable":true,"href":"https:\/\/www.ggaparapente.com\/fr\/wp-json\/wp\/v2\/users\/2"}],"replies":[{"embeddable":true,"href":"https:\/\/www.ggaparapente.com\/fr\/wp-json\/wp\/v2\/comments?post=5821"}],"version-history":[{"count":0,"href":"https:\/\/www.ggaparapente.com\/fr\/wp-json\/wp\/v2\/pages\/5821\/revisions"}],"wp:attachment":[{"href":"https:\/\/www.ggaparapente.com\/fr\/wp-json\/wp\/v2\/media?parent=5821"}],"curies":[{"name":"wp","href":"https:\/\/api.w.org\/{rel}","templated":true}]}}