{"id":4971,"date":"2023-01-17T01:29:29","date_gmt":"2023-01-17T01:29:29","guid":{"rendered":"https:\/\/www.ggaparapente.com\/?page_id=4971"},"modified":"2025-09-14T12:21:38","modified_gmt":"2025-09-14T12:21:38","slug":"conditions-generales","status":"publish","type":"page","link":"https:\/\/www.ggaparapente.com\/fr\/conditions-generales\/","title":{"rendered":"conditions g\u00e9n\u00e9rales"},"content":{"rendered":"<div class=\"wp-block-image\">\n<figure class=\"aligncenter size-full is-resized\"><img loading=\"lazy\" decoding=\"async\" width=\"512\" height=\"512\" src=\"https:\/\/www.ggaparapente.com\/wp-content\/uploads\/2023\/06\/logo-ggaparapente.png\" alt=\"\" class=\"wp-image-5491\" style=\"width:125px;height:125px\" title=\"\" srcset=\"https:\/\/www.ggaparapente.com\/wp-content\/uploads\/2023\/06\/logo-ggaparapente.png 512w, https:\/\/www.ggaparapente.com\/wp-content\/uploads\/2023\/06\/logo-ggaparapente-300x300.png 300w, https:\/\/www.ggaparapente.com\/wp-content\/uploads\/2023\/06\/logo-ggaparapente-150x150.png 150w\" sizes=\"auto, (max-width: 512px) 100vw, 512px\" \/><\/figure>\n<\/div>\n\n\n<div class=\"wp-block-cover alignfull\" style=\"min-height:50px;aspect-ratio:unset;\"><span aria-hidden=\"true\" class=\"wp-block-cover__background has-background-dim-100 has-background-dim\" style=\"background-color:#010101\"><\/span><div class=\"wp-block-cover__inner-container is-layout-flow wp-block-cover-is-layout-flow\">\n<h1 class=\"wp-block-heading has-text-align-center has-large-font-size\">conditions g\u00e9n\u00e9rales<\/h1>\n<\/div><\/div>\n\n\n\n<h2 class=\"wp-block-heading has-text-align-center has-text-color has-medium-font-size\" style=\"color:#000000\"><strong>\u26a0 RISQUE D'ACTIVIT\u00c9<\/strong><\/h2>\n\n\n\n<h3 class=\"wp-block-heading has-text-align-center has-base-2-background-color has-background has-small-font-size\">Le parapente est une activit\u00e9 d'aventure qui comporte des risques inh\u00e9rents, tels que les chutes, les collisions, les changements m\u00e9t\u00e9orologiques inattendus et la possibilit\u00e9 de blessures graves, voire mortelles. Bien que nous prenions toutes les mesures de s\u00e9curit\u00e9, le risque ne peut \u00eatre totalement \u00e9limin\u00e9. En cochant la case de r\u00e9servation, le passager accepte ces risques et s'engage \u00e0 suivre les instructions du pilote \u00e0 tout moment.<\/h3>\n\n\n\n<h2 class=\"wp-block-heading has-text-align-center has-text-color has-medium-font-size\" style=\"color:#000000\"><strong>INFORMATIONS G\u00c9N\u00c9RALES<\/strong><\/h2>\n\n\n\n<h3 class=\"wp-block-heading has-text-align-center has-base-2-background-color has-background has-small-font-size\">Le passager d\u00e9clare express\u00e9ment qu'il est en bonne sant\u00e9 physique et mentale, qu'il ne souffre pas de maladies cardiaques ou circulatoires, de troubles de l'\u00e9quilibre, de maladies neurologiques ou d'autres maladies susceptibles d'affecter la s\u00e9curit\u00e9 du vol, y compris les maladies chroniques, et qu'il se sent capable de faire face au stress du vol. Si le passager n'est pas certain d'\u00eatre apte \u00e0 effectuer le vol, il est tenu d'obtenir un certificat m\u00e9dical dans lequel le m\u00e9decin confirme ses capacit\u00e9s et que son \u00e9tat de sant\u00e9 est optimal pour pouvoir effectuer l'activit\u00e9. Il incombe au passager d'annuler le vol s'il ne remplit pas les conditions susmentionn\u00e9es.<\/h3>\n\n\n\n<h3 class=\"wp-block-heading has-text-align-center has-base-2-background-color has-background has-small-font-size\">Il incombe au passager de porter des v\u00eatements appropri\u00e9s (r\u00e9sistants aux intemp\u00e9ries et au vent, aptes \u00e0 se salir), si possible des chaussures fixes (longueur de cheville) et des gants r\u00e9sistants \u00e0 la d\u00e9chirure. Le pilote s'engage \u00e0 fournir une protection de la t\u00eate (casque) et un \u00e9quipement de vol. Pour les passagers de moins de 18 ans, la signature d'un ou des deux parents\/repr\u00e9sentants l\u00e9gaux est requise.<\/h3>\n\n\n\n<h3 class=\"wp-block-heading has-text-align-center has-base-2-background-color has-background has-small-font-size\">Il est de la responsabilit\u00e9 du passager de bien comprendre le brifing (explication donn\u00e9e aux passagers avant le vol) et, en cas de doute, de toujours le demander, ainsi que de suivre inconditionnellement et imm\u00e9diatement les instructions du pilote. Il en va de votre propre s\u00e9curit\u00e9. Le non-respect des instructions pendant le d\u00e9collage, le vol et l'atterrissage peut entra\u00eener des blessures pour le passager et le pilote. Si les instructions du pilote ne sont pas suivies, le pilote peut disqualifier le passager de l'op\u00e9ration de vol. En cas d'infraction, la demande de remboursement sera rejet\u00e9e. Le passager est responsable des dommages caus\u00e9s aux personnes en raison du non-respect des instructions du pilote. Le passager est responsable des dommages caus\u00e9s intentionnellement ou par n\u00e9gligence grave \u00e0 l'\u00e9quipement, aux pilotes ou \u00e0 des tiers.<\/h3>\n\n\n\n<h2 class=\"wp-block-heading has-text-align-center has-text-color has-medium-font-size\" style=\"color:#000000\"><strong>PAIEMENT<\/strong><\/h2>\n\n\n\n<h2 class=\"wp-block-heading has-text-align-center has-base-2-background-color has-background has-small-font-size\">Il incombe au passager de payer des frais de r\u00e9servation de 20 euros par personne via le site web. Et le reste du paiement \u00e0 la fin de l'activit\u00e9.<\/h2>\n\n\n\n<h3 class=\"wp-block-heading has-text-align-center has-base-2-background-color has-background has-small-font-size\">G.G.A.parapente confirme la r\u00e9servation par \u00e9crit, par t\u00e9l\u00e9phone ou par e-mail. En cas de r\u00e9servation d'un ch\u00e8que-cadeau, celui-ci est envoy\u00e9 au client imm\u00e9diatement, car le montant total est d\u00fb. En cas de non-pr\u00e9sentation au lieu de rendez-vous aux dates fix\u00e9es, le montant total reste d\u00fb. Les ch\u00e8ques-cadeaux expirent 3 mois apr\u00e8s la date d'\u00e9mission. Les demandes de remboursement d'un ch\u00e8que-cadeau ou d'une r\u00e9servation par le participant ne sont plus valables apr\u00e8s 14 jours \u00e0 compter de l'achat ou de l'\u00e9mission.<\/h3>\n\n\n\n<h2 class=\"wp-block-heading has-text-align-center has-text-color has-medium-font-size\" style=\"color:#000000\"><strong>ANNULATION PAR LE PASSAGER<\/strong><\/h2>\n\n\n\n<h3 class=\"wp-block-heading has-text-align-center has-base-2-background-color has-background has-small-font-size\">Vous avez le droit d'annuler votre contrat dans les 14 jours suivant la r\u00e9ception du billet sans donner de raisons, mais seulement en donnant un pr\u00e9avis. Tant qu'aucune date n'a \u00e9t\u00e9 fix\u00e9e pour l'activit\u00e9, aucun remboursement ne sera effectu\u00e9. Une annulation ult\u00e9rieure n'est pas possible. Dans le cas contraire, les frais de remboursement seront \u00e0 la charge du client.<\/h3>\n\n\n\n<h3 class=\"wp-block-heading has-text-align-center has-base-2-background-color has-background has-small-font-size\">Dans le m\u00eame temps, il est possible de transf\u00e9rer des services r\u00e9mun\u00e9r\u00e9s \u00e0 un autre b\u00e9n\u00e9ficiaire.<\/h3>\n\n\n\n<h3 class=\"wp-block-heading has-text-align-center has-base-2-background-color has-background has-small-font-size\">Il n'y a pas de demande de dommages et int\u00e9r\u00eats, de remboursement de billets d'avion ou de remboursement de frais encourus en cas de livraison tardive ou diff\u00e9r\u00e9e.<\/h3>\n\n\n\n<h3 class=\"wp-block-heading has-text-align-center has-base-2-background-color has-background has-small-font-size\">G.G.A. parapente offre un service de navette jusqu'au site de vol. Si le service de navette n'est pas n\u00e9cessaire, le voyage jusqu'au site de vol est \u00e0 la charge du passager.<\/h3>\n\n\n\n<h3 class=\"wp-block-heading has-text-align-center has-base-2-background-color has-background has-small-font-size\">Les r\u00e9servations de vol sont contraignantes et ne peuvent \u00eatre annul\u00e9es que jusqu'\u00e0 12 heures avant la date pr\u00e9vue. Si le passager ne se pr\u00e9sente pas \u00e0 la date convenue sans pr\u00e9venir le pilote (G.G.A.parapente), ou s'il se pr\u00e9sente sous l'influence de l'alcool ou de drogues, le passager devra payer 120\u20ac \u00e0 titre de d\u00e9dommagement.<strong>.<\/strong><\/h3>\n\n\n\n<h3 class=\"wp-block-heading has-text-align-center has-base-2-background-color has-background has-small-font-size\">Si le participant interrompt l'activit\u00e9 ou la quitte pr\u00e9matur\u00e9ment, aucun remboursement ne sera effectu\u00e9. Les frais suppl\u00e9mentaires \u00e9ventuels sont \u00e0 la charge du participant.<\/h3>\n\n\n\n<h3 class=\"wp-block-heading has-text-align-center has-base-2-background-color has-background has-small-font-size\">Les r\u00e9servations et les billets-cadeaux ont une dur\u00e9e de validit\u00e9 de 3 mois. Pass\u00e9 ce d\u00e9lai, l'activit\u00e9 ne pourra plus \u00eatre r\u00e9alis\u00e9e et le billet-cadeau ou la r\u00e9servation seront perdus.<\/h3>\n\n\n\n<h2 class=\"wp-block-heading has-text-align-center has-text-color has-medium-font-size\" style=\"color:#000000\"><strong>DATES CONVENUES \/ CONDITIONS M\u00c9T\u00c9OROLOGIQUES<\/strong> <strong>et le temps de vol<\/strong><\/h2>\n\n\n\n<h2 class=\"wp-block-heading has-text-align-center has-base-2-background-color has-background has-small-font-size\">Les vols en parapente d\u00e9pendent des conditions m\u00e9t\u00e9orologiques. la veille ou le jour du vol, nous vous informerons des conditions m\u00e9t\u00e9orologiques et vous indiquerons s'il est possible de voler. si les conditions m\u00e9t\u00e9orologiques ne permettent pas de voler, le vol devra \u00eatre report\u00e9.<\/h2>\n\n\n\n<h3 class=\"wp-block-heading has-text-align-center has-base-2-background-color has-background has-small-font-size\">Nous soulignons express\u00e9ment qu'il n'y a pas de droit de vol, m\u00eame si les dates sont fix\u00e9es, si les conditions m\u00e9t\u00e9orologiques ne le permettent pas. Il n'y a pas de demande de dommages et int\u00e9r\u00eats, de remboursement du prix du vol ou de remboursement des frais encourus en cas de retard ou de livraison tardive. En revanche, la demande de reconnaissance du vol demeure.<\/h3>\n\n\n\n<h3 class=\"wp-block-heading has-text-align-center has-base-2-background-color has-background has-small-font-size\">Le lieu du vol est d\u00e9termin\u00e9 par G.G.A.parapente en fonction de la m\u00e9t\u00e9o. Les d\u00e9tails du vol sont d\u00e9termin\u00e9s par le pilote. La dur\u00e9e du vol passager d\u00e9pend des conditions m\u00e9t\u00e9orologiques. Le pilote est toujours responsable de l'ex\u00e9cution du vol. Le pilote a le droit d'annuler le vol s'il estime que les passagers ne sont pas dans un \u00e9tat appropri\u00e9 ou s'il estime que les conditions ext\u00e9rieures (m\u00e9t\u00e9o, vent, terrain, mat\u00e9riel) ne sont pas appropri\u00e9es. Le passager confirme que sa participation est d'int\u00e9r\u00eat personnel, pour se familiariser avec le sport du parapente.<\/h3>\n\n\n\n<h3 class=\"wp-block-heading has-text-align-center has-base-2-background-color has-background has-small-font-size\">La dur\u00e9e du vol en parapente \u00e0 T\u00e9n\u00e9rife peut varier en fonction des conditions m\u00e9t\u00e9orologiques. Aucune r\u00e9duction ne sera accord\u00e9e en cas de modification de la dur\u00e9e due aux conditions m\u00e9t\u00e9orologiques.<\/h3>\n\n\n\n<h2 class=\"wp-block-heading has-text-align-center has-text-color has-medium-font-size\" style=\"color:#000000\"><strong>RESPONSABILIT\u00c9 ET ASSURANCE<\/strong><\/h2>\n\n\n\n<h3 class=\"wp-block-heading has-text-align-center has-base-2-background-color has-background has-small-font-size\">Dans le cadre de nos prestations de vol en tandem, nous ne sommes responsables que des dommages caus\u00e9s par une n\u00e9gligence grave et\/ou intentionnelle du pilote. Dans la mesure o\u00f9 la loi le permet, les passagers exon\u00e8rent les pilotes et l'entreprise ggaparapente, tandem de toute responsabilit\u00e9, qui va au-del\u00e0 de l'assurance existante. Puisque le passager comprend et accepte en faisant la r\u00e9servation et l'activit\u00e9 qu'il s'agit d'une activit\u00e9 \u00e0 risque.<\/h3>\n\n\n\n<h3 class=\"wp-block-heading has-text-align-center has-base-2-background-color has-background has-small-font-size\">Si G.G.A.Parapente transf\u00e8re la prestation \u00e0 une entreprise partenaire ou \u00e0 un club, G.G.A.Parapente n'est pas responsable des actions et des omissions du partenaire. En particulier, G.G.A.Parapente n'est pas responsable des dommages r\u00e9sultant d'actes ou d'omissions du pilote qui ne sont pas li\u00e9s \u00e0 la prestation convenue dans le contrat.<\/h3>\n\n\n\n<h3 class=\"wp-block-heading has-text-align-center has-base-2-background-color has-background has-small-font-size\">G.G.A. parapente n'est pas responsable des dommages r\u00e9sultant d'actes de tiers, d'autres participants, d'\u00e9v\u00e9nements naturels, d'ordres officiels, etc. ou d'un retard dans le retour. Si un participant ne respecte pas les instructions de l'organisateur ou du pilote, etc., l'organisateur n'est plus responsable.<\/h3>\n\n\n\n<h2 class=\"wp-block-heading has-text-align-center has-text-color has-medium-font-size\" style=\"color:#000000\"><strong>Prix<\/strong> G.G.A.parapente<\/h2>\n\n\n\n<h3 class=\"wp-block-heading has-text-align-center has-base-2-background-color has-background has-small-font-size\">Vols \u00e0 destination du Teide 150\u20ac - 200\u20ac.<\/h3>\n\n\n\n<p class=\"has-text-align-center has-base-2-background-color has-background has-small-font-size\">Vols \u00e0 partir d'Adeje 100\u20ac.<\/p>\n\n\n\n<p class=\"has-text-align-center has-base-2-background-color has-background has-small-font-size\">Vol en parapente Tenerife Nord 120\u20ac - 180\u20ac.<\/p>\n\n\n\n<p class=\"has-text-align-center has-base-2-background-color has-background has-small-font-size\">Vid\u00e9o de l'activit\u00e9 (r\u00e9sidents 20\u20ac) ( non-r\u00e9sidents 30\u20ac)<\/p>\n\n\n\n<p class=\"has-text-align-center has-base-2-background-color has-background has-small-font-size\">Plus de 100kg (+30\u20ac)<\/p>\n\n\n\n<h2 class=\"wp-block-heading has-text-align-center has-text-color has-medium-font-size\" style=\"color:#000000\"><strong>Prix<\/strong> Votre guide<\/h2>\n\n\n\n<p class=\"has-text-align-center has-base-2-background-color has-background has-small-font-size\">Plus de 100kg (+30\u20ac)<\/p>\n\n\n\n<p class=\"has-text-align-center has-base-2-background-color has-background has-small-font-size\">Vid\u00e9o de l'activit\u00e9 50\u20ac.<\/p>\n\n\n\n<p><\/p>","protected":false},"excerpt":{"rendered":"<p>\u26a0 RIESGO DE LA ACTIVIDAD El parapente es una actividad de aventura que implica riesgos inherentes, como ca\u00eddas, colisiones, cambios meteorol\u00f3gicos inesperados y posibles lesiones graves, incluso la muerte. Aunque tomamos todas las medidas de seguridad, el riesgo no se puede eliminar por completo. Al marcar la casilla de reserva, el pasajero acepta estos riesgos &#8230; <a title=\"conditions g\u00e9n\u00e9rales\" class=\"read-more\" href=\"https:\/\/www.ggaparapente.com\/fr\/conditions-generales\/\" aria-label=\"Plus sur t\u00e9rminos y condiciones\">Lire plus<\/a><\/p>","protected":false},"author":2,"featured_media":0,"parent":0,"menu_order":0,"comment_status":"closed","ping_status":"closed","template":"","meta":{"_monsterinsights_skip_tracking":false,"_monsterinsights_sitenote_active":false,"_monsterinsights_sitenote_note":"","_monsterinsights_sitenote_category":0,"footnotes":""},"class_list":["post-4971","page","type-page","status-publish"],"_links":{"self":[{"href":"https:\/\/www.ggaparapente.com\/fr\/wp-json\/wp\/v2\/pages\/4971","targetHints":{"allow":["GET"]}}],"collection":[{"href":"https:\/\/www.ggaparapente.com\/fr\/wp-json\/wp\/v2\/pages"}],"about":[{"href":"https:\/\/www.ggaparapente.com\/fr\/wp-json\/wp\/v2\/types\/page"}],"author":[{"embeddable":true,"href":"https:\/\/www.ggaparapente.com\/fr\/wp-json\/wp\/v2\/users\/2"}],"replies":[{"embeddable":true,"href":"https:\/\/www.ggaparapente.com\/fr\/wp-json\/wp\/v2\/comments?post=4971"}],"version-history":[{"count":1,"href":"https:\/\/www.ggaparapente.com\/fr\/wp-json\/wp\/v2\/pages\/4971\/revisions"}],"predecessor-version":[{"id":6098,"href":"https:\/\/www.ggaparapente.com\/fr\/wp-json\/wp\/v2\/pages\/4971\/revisions\/6098"}],"wp:attachment":[{"href":"https:\/\/www.ggaparapente.com\/fr\/wp-json\/wp\/v2\/media?parent=4971"}],"curies":[{"name":"wp","href":"https:\/\/api.w.org\/{rel}","templated":true}]}}