{"id":387,"date":"2019-08-15T10:54:29","date_gmt":"2019-08-15T10:54:29","guid":{"rendered":"https:\/\/www.ggaparapente.com\/?page_id=387"},"modified":"2025-05-17T19:38:08","modified_gmt":"2025-05-17T19:38:08","slug":"about-us","status":"publish","type":"page","link":"https:\/\/www.ggaparapente.com\/en_us\/about-us\/","title":{"rendered":"About us"},"content":{"rendered":"<h2 class=\"wp-block-heading has-text-align-center has-large-font-size\"><strong>beginnings of G.G.A.paragliding<\/strong><\/h2>\n\n\n\n<p class=\"has-text-align-center has-small-font-size\">It started as a passion and a lifestyle, as flying became our daily fascination. \"Traditional\" jobs proved incompatible with what our hearts yearned for, so we quickly created GGAparapente in 2017. Since then, we have had the privilege of making the dream of flying come true for thousands of people every year. Our goal is to provide unforgettable experiences in the air, where freedom and excitement are intertwined in every flight. We are proud to be part of the journey of those who wish to defy gravity and see the world from a unique perspective. At GGAparapente, we turn dreams into reality and share the wonder of flying with those who yearn to discover the joy of taking to the skies.<\/p>\n\n\n\n<div class=\"wp-block-media-text alignfull has-media-on-the-right is-vertically-aligned-center is-image-fill-element has-base-3-background-color has-background\"><div class=\"wp-block-media-text__content\">\n<h3 class=\"wp-block-heading has-text-align-center has-regular-font-size\">tandem pilot and founder<\/h3>\n\n\n\n<p class=\"has-text-align-center\"><strong>&nbsp;\"As fast, as high and as far as possible.\"<\/strong><\/p>\n\n\n\n<p class=\"has-text-align-center has-small-font-size\">Since I was a child I always had the obsession of wanting to fly either with skateboarding, kitesurfing, skydiving, until I found my passion which is and will be paragliding. <a href=\"https:\/\/www.ggaparapente.com\/wp-content\/uploads\/2022\/08\/Cerficado-FECDA-Gaston-Gomes.jpg\">See qualification <\/a><\/p>\n<\/div><figure class=\"wp-block-media-text__media\"><img loading=\"lazy\" decoding=\"async\" width=\"1024\" height=\"655\" src=\"https:\/\/www.ggaparapente.com\/wp-content\/uploads\/2019\/10\/parapente-monitores-e1660870496130-1024x655.jpg\" alt=\"\" class=\"wp-image-1113 size-full\" style=\"object-position:48% 48%\" title=\"\" srcset=\"https:\/\/www.ggaparapente.com\/wp-content\/uploads\/2019\/10\/parapente-monitores-e1660870496130-1024x655.jpg 1024w, https:\/\/www.ggaparapente.com\/wp-content\/uploads\/2019\/10\/parapente-monitores-e1660870496130-300x192.jpg 300w, https:\/\/www.ggaparapente.com\/wp-content\/uploads\/2019\/10\/parapente-monitores-e1660870496130-768x491.jpg 768w, https:\/\/www.ggaparapente.com\/wp-content\/uploads\/2019\/10\/parapente-monitores-e1660870496130-1536x983.jpg 1536w, https:\/\/www.ggaparapente.com\/wp-content\/uploads\/2019\/10\/parapente-monitores-e1660870496130-2048x1310.jpg 2048w\" sizes=\"auto, (max-width: 1024px) 100vw, 1024px\" \/><\/figure><\/div>\n\n\n\n<div class=\"wp-block-media-text alignfull is-vertically-aligned-center is-image-fill-element has-base-3-background-color has-background\"><figure class=\"wp-block-media-text__media\"><img loading=\"lazy\" decoding=\"async\" width=\"768\" height=\"1024\" src=\"https:\/\/www.ggaparapente.com\/wp-content\/uploads\/2022\/12\/intructor-de-parapente-pedro-768x1024.jpg\" alt=\"\" class=\"wp-image-4138 size-full\" style=\"object-position:50% 28%\" title=\"\" srcset=\"https:\/\/www.ggaparapente.com\/wp-content\/uploads\/2022\/12\/intructor-de-parapente-pedro-768x1024.jpg 768w, https:\/\/www.ggaparapente.com\/wp-content\/uploads\/2022\/12\/intructor-de-parapente-pedro-225x300.jpg 225w, https:\/\/www.ggaparapente.com\/wp-content\/uploads\/2022\/12\/intructor-de-parapente-pedro-1152x1536.jpg 1152w, https:\/\/www.ggaparapente.com\/wp-content\/uploads\/2022\/12\/intructor-de-parapente-pedro-scaled.jpg 1536w\" sizes=\"auto, (max-width: 768px) 100vw, 768px\" \/><\/figure><div class=\"wp-block-media-text__content\">\n<h3 class=\"wp-block-heading has-text-align-center has-text-color has-regular-font-size\" style=\"color:#000000\">tandem pilot<\/h3>\n\n\n\n<p class=\"has-text-align-center has-extra-small-font-size\"><em><strong>\"I am so passionate about flying that I spent every free minute in the air.\"<\/strong><\/em><\/p>\n\n\n\n<p class=\"has-text-align-center has-contrast-color has-text-color has-small-font-size\">Even as a child, the mountains of Tenerife were Pedro's big playground. He first experienced the fascination of bungee jumping, climbing, skydiving and countless other activities before discovering paragliding. <a href=\"https:\/\/www.ggaparapente.com\/wp-content\/uploads\/2022\/08\/Cerficado-FECDA-Pedro-Catala.jpg\">See qualification <\/a><\/p>\n<\/div><\/div>\n\n\n\n<div class=\"wp-block-media-text alignfull has-media-on-the-right is-vertically-aligned-center is-image-fill-element has-base-3-background-color has-background\"><div class=\"wp-block-media-text__content\">\n<h3 class=\"wp-block-heading has-text-align-center has-text-color has-regular-font-size\" style=\"color:#000000\">tandem pilot<\/h3>\n\n\n\n<p class=\"has-text-align-center has-extra-small-font-size\"><em><strong>\"From the mountain tops to soar in flight\".<\/strong><\/em><\/p>\n\n\n\n<p class=\"has-text-align-center has-small-font-size\"><br>With each flight, Aurelio, the intrepid flyer, defies the limits of the sky, feeding his indomitable spirit with the fulfillment and passion that only flight can bring.<a href=\"https:\/\/www.ggaparapente.com\/wp-content\/uploads\/2023\/05\/FECDA-2023.pdf\" data-type=\"URL\" data-id=\"https:\/\/www.ggaparapente.com\/wp-content\/uploads\/2023\/05\/FECDA-2023.pdf\">See qualification <\/a><\/p>\n<\/div><figure class=\"wp-block-media-text__media\"><img loading=\"lazy\" decoding=\"async\" width=\"768\" height=\"1024\" src=\"https:\/\/www.ggaparapente.com\/wp-content\/uploads\/2023\/05\/IMG-6694-768x1024.jpg\" alt=\"\" class=\"wp-image-5477 size-full\" style=\"object-position:47% 40%\" title=\"\" srcset=\"https:\/\/www.ggaparapente.com\/wp-content\/uploads\/2023\/05\/IMG-6694-768x1024.jpg 768w, https:\/\/www.ggaparapente.com\/wp-content\/uploads\/2023\/05\/IMG-6694-225x300.jpg 225w, https:\/\/www.ggaparapente.com\/wp-content\/uploads\/2023\/05\/IMG-6694-1152x1536.jpg 1152w, https:\/\/www.ggaparapente.com\/wp-content\/uploads\/2023\/05\/IMG-6694-scaled.jpg 1536w\" sizes=\"auto, (max-width: 768px) 100vw, 768px\" \/><\/figure><\/div>\n\n\n\n<div class=\"wp-block-media-text alignfull is-vertically-aligned-center is-image-fill-element has-base-3-background-color has-background\"><figure class=\"wp-block-media-text__media\"><img loading=\"lazy\" decoding=\"async\" width=\"768\" height=\"1024\" src=\"https:\/\/www.ggaparapente.com\/wp-content\/uploads\/2023\/05\/IMG-6695-768x1024.jpg\" alt=\"\" class=\"wp-image-5482 size-full\" style=\"object-position:47% 36%\" title=\"\" srcset=\"https:\/\/www.ggaparapente.com\/wp-content\/uploads\/2023\/05\/IMG-6695-768x1024.jpg 768w, https:\/\/www.ggaparapente.com\/wp-content\/uploads\/2023\/05\/IMG-6695-225x300.jpg 225w, https:\/\/www.ggaparapente.com\/wp-content\/uploads\/2023\/05\/IMG-6695-1152x1536.jpg 1152w, https:\/\/www.ggaparapente.com\/wp-content\/uploads\/2023\/05\/IMG-6695-scaled.jpg 1536w\" sizes=\"auto, (max-width: 768px) 100vw, 768px\" \/><\/figure><div class=\"wp-block-media-text__content\">\n<h3 class=\"wp-block-heading has-text-align-center has-text-color has-regular-font-size\" style=\"color:#000000\">Driver<\/h3>\n\n\n\n<p class=\"has-text-align-center has-small-font-size\"><br>I drive with passion and responsibility, leading paragliders towards their encounter with the sky, witnessing their emotions as they spread their wings and reach new horizons.<\/p>\n<\/div><\/div>\n\n\n\n<div class=\"wp-block-cover alignfull\" style=\"min-height:87px;aspect-ratio:unset;\"><span aria-hidden=\"true\" class=\"wp-block-cover__background has-background-dim-100 has-background-dim\" style=\"background-color:#252628\"><\/span><div class=\"wp-block-cover__inner-container is-layout-flow wp-block-cover-is-layout-flow\">\n<h1 class=\"wp-block-heading has-text-align-center has-large-font-size\">Collaborators<\/h1>\n<\/div><\/div>\n\n\n<div class=\"wp-block-image\">\n<figure class=\"aligncenter size-full is-resized\"><a href=\"https:\/\/madparapente.com\/\" target=\"_blank\" rel=\"noopener\"><img loading=\"lazy\" decoding=\"async\" width=\"700\" height=\"400\" src=\"https:\/\/www.ggaparapente.com\/wp-content\/uploads\/2023\/03\/logo-01.png\" alt=\"\" class=\"wp-image-5300\" style=\"width:219px;height:125px\" title=\"\" srcset=\"https:\/\/www.ggaparapente.com\/wp-content\/uploads\/2023\/03\/logo-01.png 700w, https:\/\/www.ggaparapente.com\/wp-content\/uploads\/2023\/03\/logo-01-300x171.png 300w\" sizes=\"auto, (max-width: 700px) 100vw, 700px\" \/><\/a><\/figure>\n<\/div>\n\n\n<p class=\"has-text-align-center has-contrast-2-color has-text-color\">Paragliding, Paramotoring and Paragliding Courses in Madrid.&nbsp;<\/p>\n\n\n\n<div class=\"wp-block-cover alignfull\"><span aria-hidden=\"true\" class=\"wp-block-cover__background has-base-3-background-color has-background-dim-100 has-background-dim\"><\/span><div class=\"wp-block-cover__inner-container is-layout-flow wp-block-cover-is-layout-flow\"><div class=\"wp-block-image\">\n<figure class=\"aligncenter size-full\"><a href=\"https:\/\/alamair.com\" target=\"_blank\" rel=\"noopener\"><img loading=\"lazy\" decoding=\"async\" width=\"250\" height=\"75\" src=\"https:\/\/www.ggaparapente.com\/wp-content\/uploads\/2023\/03\/alamair-logo.png\" alt=\"\" class=\"wp-image-5291\" title=\"\"><\/a><\/figure>\n<\/div>\n\n\n<p class=\"has-text-align-center has-contrast-2-color has-text-color\">Paragliding store in Madrid. The best paragliding brands Ozone, Supair, Woody Valley.<\/p>\n\n\n<div class=\"wp-block-image\">\n<figure class=\"aligncenter size-full is-resized\"><a href=\"https:\/\/www.evolvendoexperience.com\/\" target=\"_blank\" rel=\"noopener\"><img loading=\"lazy\" decoding=\"async\" width=\"683\" height=\"590\" src=\"https:\/\/www.ggaparapente.com\/wp-content\/uploads\/2023\/03\/unnamed.jpg\" alt=\"\" class=\"wp-image-5297\" style=\"width:237px;height:205px\" title=\"\" srcset=\"https:\/\/www.ggaparapente.com\/wp-content\/uploads\/2023\/03\/unnamed.jpg 683w, https:\/\/www.ggaparapente.com\/wp-content\/uploads\/2023\/03\/unnamed-300x259.jpg 300w\" sizes=\"auto, (max-width: 683px) 100vw, 683px\" \/><\/a><\/figure>\n<\/div>\n\n\n<p class=\"has-text-align-center has-contrast-2-color has-text-color\"> your best experience by offering you different travel solutions; including courses, accommodations and other activities on the island.<\/p>\n\n\n<div class=\"wp-block-image\">\n<figure class=\"aligncenter size-full\"><a href=\"http:\/\/pkskitesurftenerife.es\/en\/\" target=\"_blank\" rel=\"noopener\"><img loading=\"lazy\" decoding=\"async\" width=\"200\" height=\"99\" src=\"https:\/\/www.ggaparapente.com\/wp-content\/uploads\/2023\/03\/Risorsa-1small-1.png\" alt=\"\" class=\"wp-image-5295\" title=\"\"><\/a><\/figure>\n<\/div>\n\n\n<p class=\"has-text-align-center has-contrast-2-color has-text-color\">&nbsp;the number one kitesurfing school in Tenerife where you can turn your dream into reality. We offer you kitesurf, wingfoil and surf courses.<\/p>\n<\/div><\/div>","protected":false},"excerpt":{"rendered":"<p>inicios de G.G.A.parapente Comenz\u00f3 como una pasi\u00f3n y un estilo de vida, ya que volar se convirti\u00f3 en nuestra fascinaci\u00f3n diaria. Los trabajos \u00abtradicionales\u00bb resultaron incompatibles con lo que nuestros corazones anhelaban, por lo que r\u00e1pidamente creamos GGAparapente en 2017. Desde entonces, hemos tenido el privilegio de hacer realidad el sue\u00f1o de volar para miles &#8230; <a title=\"About us\" class=\"read-more\" href=\"https:\/\/www.ggaparapente.com\/en_us\/about-us\/\" aria-label=\"More on Sobre nosotros\">Read more<\/a><\/p>","protected":false},"author":1,"featured_media":0,"parent":0,"menu_order":0,"comment_status":"closed","ping_status":"closed","template":"","meta":{"_monsterinsights_skip_tracking":false,"_monsterinsights_sitenote_active":false,"_monsterinsights_sitenote_note":"","_monsterinsights_sitenote_category":0,"footnotes":""},"class_list":["post-387","page","type-page","status-publish"],"_links":{"self":[{"href":"https:\/\/www.ggaparapente.com\/en_us\/wp-json\/wp\/v2\/pages\/387","targetHints":{"allow":["GET"]}}],"collection":[{"href":"https:\/\/www.ggaparapente.com\/en_us\/wp-json\/wp\/v2\/pages"}],"about":[{"href":"https:\/\/www.ggaparapente.com\/en_us\/wp-json\/wp\/v2\/types\/page"}],"author":[{"embeddable":true,"href":"https:\/\/www.ggaparapente.com\/en_us\/wp-json\/wp\/v2\/users\/1"}],"replies":[{"embeddable":true,"href":"https:\/\/www.ggaparapente.com\/en_us\/wp-json\/wp\/v2\/comments?post=387"}],"version-history":[{"count":0,"href":"https:\/\/www.ggaparapente.com\/en_us\/wp-json\/wp\/v2\/pages\/387\/revisions"}],"wp:attachment":[{"href":"https:\/\/www.ggaparapente.com\/en_us\/wp-json\/wp\/v2\/media?parent=387"}],"curies":[{"name":"wp","href":"https:\/\/api.w.org\/{rel}","templated":true}]}}