{"id":4971,"date":"2023-01-17T01:29:29","date_gmt":"2023-01-17T01:29:29","guid":{"rendered":"https:\/\/www.ggaparapente.com\/?page_id=4971"},"modified":"2025-09-14T12:21:38","modified_gmt":"2025-09-14T12:21:38","slug":"bedingungen-und-konditionen","status":"publish","type":"page","link":"https:\/\/www.ggaparapente.com\/de\/bedingungen-und-konditionen\/","title":{"rendered":"Bedingungen und Konditionen"},"content":{"rendered":"<div class=\"wp-block-image\">\n<figure class=\"aligncenter size-full is-resized\"><img loading=\"lazy\" decoding=\"async\" width=\"512\" height=\"512\" src=\"https:\/\/www.ggaparapente.com\/wp-content\/uploads\/2023\/06\/logo-ggaparapente.png\" alt=\"\" class=\"wp-image-5491\" style=\"width:125px;height:125px\" title=\"\" srcset=\"https:\/\/www.ggaparapente.com\/wp-content\/uploads\/2023\/06\/logo-ggaparapente.png 512w, https:\/\/www.ggaparapente.com\/wp-content\/uploads\/2023\/06\/logo-ggaparapente-300x300.png 300w, https:\/\/www.ggaparapente.com\/wp-content\/uploads\/2023\/06\/logo-ggaparapente-150x150.png 150w\" sizes=\"auto, (max-width: 512px) 100vw, 512px\" \/><\/figure>\n<\/div>\n\n\n<div class=\"wp-block-cover alignfull\" style=\"min-height:50px;aspect-ratio:unset;\"><span aria-hidden=\"true\" class=\"wp-block-cover__background has-background-dim-100 has-background-dim\" style=\"background-color:#010101\"><\/span><div class=\"wp-block-cover__inner-container is-layout-flow wp-block-cover-is-layout-flow\">\n<h1 class=\"wp-block-heading has-text-align-center has-large-font-size\">Bedingungen und Konditionen<\/h1>\n<\/div><\/div>\n\n\n\n<h2 class=\"wp-block-heading has-text-align-center has-text-color has-medium-font-size\" style=\"color:#000000\"><strong>\u26a0 T\u00c4TIGKEITSRISIKO<\/strong><\/h2>\n\n\n\n<h3 class=\"wp-block-heading has-text-align-center has-base-2-background-color has-background has-small-font-size\">Gleitschirmfliegen ist eine abenteuerliche Aktivit\u00e4t, die Risiken birgt, wie Abst\u00fcrze, Kollisionen, unerwartete Wetterumschw\u00fcnge und m\u00f6gliche schwere Verletzungen oder sogar den Tod. Obwohl wir alle Sicherheitsma\u00dfnahmen ergreifen, l\u00e4sst sich das Risiko nicht vollst\u00e4ndig ausschlie\u00dfen. Mit dem Ankreuzen des Buchungsfeldes akzeptiert der Passagier diese Risiken und erkl\u00e4rt sich bereit, den Anweisungen des Piloten jederzeit Folge zu leisten.<\/h3>\n\n\n\n<h2 class=\"wp-block-heading has-text-align-center has-text-color has-medium-font-size\" style=\"color:#000000\"><strong>ALLGEMEINE INFORMATIONEN<\/strong><\/h2>\n\n\n\n<h3 class=\"wp-block-heading has-text-align-center has-base-2-background-color has-background has-small-font-size\">Der Fluggast erkl\u00e4rt ausdr\u00fccklich, dass er sich in guter k\u00f6rperlicher und geistiger Verfassung befindet, dass er nicht an Herz- oder Kreislauferkrankungen, Gleichgewichtsst\u00f6rungen, neurologischen Erkrankungen oder anderen Krankheiten leidet, die die Sicherheit des Fluges beeintr\u00e4chtigen k\u00f6nnten, einschlie\u00dflich chronischer Krankheiten, und dass er sich in der Lage f\u00fchlt, die Belastungen des Fluges zu bew\u00e4ltigen. Ist sich der Fluggast \u00fcber seine Flugtauglichkeit nicht im Klaren, ist er verpflichtet, ein \u00e4rztliches Attest vorzulegen, in dem der Arzt best\u00e4tigt, dass er in der Lage ist, den Flug durchzuf\u00fchren, und dass sein Gesundheitszustand f\u00fcr die Durchf\u00fchrung der Aktivit\u00e4t optimal ist. Es liegt in der Verantwortung des Fluggastes, den Flug zu stornieren, wenn er\/sie die oben genannten Bedingungen nicht erf\u00fcllt.<\/h3>\n\n\n\n<h3 class=\"wp-block-heading has-text-align-center has-base-2-background-color has-background has-small-font-size\">Es liegt in der Verantwortung des Fluggastes, geeignete Kleidung (wetter- und windfest, schmutzabweisend), m\u00f6glichst festes Schuhwerk (kn\u00f6chellang) und rei\u00dffeste Handschuhe zu tragen. Der Pilot verpflichtet sich, f\u00fcr Kopfschutz (Helm) und Flugausr\u00fcstung zu sorgen. Bei Flugg\u00e4sten unter 18 Jahren ist die Unterschrift eines\/einer Erziehungsberechtigten\/eines gesetzlichen Vertreters erforderlich.<\/h3>\n\n\n\n<h3 class=\"wp-block-heading has-text-align-center has-base-2-background-color has-background has-small-font-size\">Es liegt in der Verantwortung des Fluggastes, das Brifing (Erkl\u00e4rung, die den Flugg\u00e4sten vor dem Flug gegeben wird) vollst\u00e4ndig zu verstehen und im Zweifelsfall immer nachzufragen sowie die Anweisungen des Piloten bedingungslos und unverz\u00fcglich zu befolgen. Dies ist zu Ihrer eigenen Sicherheit. Die Nichtbefolgung von Anweisungen w\u00e4hrend des Starts, des Flugs und der Landung kann zu Verletzungen des Passagiers und des Piloten f\u00fchren. Wenn die Anweisungen des Piloten nicht befolgt werden, kann der Pilot den Passagier vom Flugbetrieb ausschlie\u00dfen. Im Falle eines Versto\u00dfes wird der Anspruch auf Erstattung abgelehnt. Der Fluggast haftet f\u00fcr Personensch\u00e4den, die durch die Nichtbeachtung der Anweisungen des Piloten entstehen. Der Fluggast haftet f\u00fcr von ihm vors\u00e4tzlich oder grob fahrl\u00e4ssig verursachte Sch\u00e4den an Ausr\u00fcstung, Piloten oder Dritten.<\/h3>\n\n\n\n<h2 class=\"wp-block-heading has-text-align-center has-text-color has-medium-font-size\" style=\"color:#000000\"><strong>ZAHLUNG<\/strong><\/h2>\n\n\n\n<h2 class=\"wp-block-heading has-text-align-center has-base-2-background-color has-background has-small-font-size\">Es liegt in der Verantwortung des Passagiers, eine Reservierungsgeb\u00fchr von 20 Euro pro Person \u00fcber die Website zu zahlen. Und der Rest der Zahlung am Ende der Aktivit\u00e4t.<\/h2>\n\n\n\n<h3 class=\"wp-block-heading has-text-align-center has-base-2-background-color has-background has-small-font-size\">G.G.A.parapente best\u00e4tigt die Buchung schriftlich, telefonisch oder per E-Mail. Wenn ein Geschenkgutschein gebucht wird, wird er dem Kunden sofort zugeschickt, da der volle Betrag f\u00e4llig ist. Bei Nichterscheinen am Treffpunkt zu den festgelegten Terminen wird der volle Betrag f\u00e4llig. Geschenkgutscheine verfallen 3 Monate nach dem Ausstellungsdatum. Anspr\u00fcche auf R\u00fcckerstattung eines Gutscheins oder einer Buchung durch den Teilnehmer sind nach 14 Tagen nach dem Kauf oder der Ausstellung nicht mehr g\u00fcltig.<\/h3>\n\n\n\n<h2 class=\"wp-block-heading has-text-align-center has-text-color has-medium-font-size\" style=\"color:#000000\"><strong>STORNIERUNG DURCH DEN FAHRGAST<\/strong><\/h2>\n\n\n\n<h3 class=\"wp-block-heading has-text-align-center has-base-2-background-color has-background has-small-font-size\">Sie haben das Recht, innerhalb von 14 Tagen nach Erhalt der Eintrittskarte ohne Angabe von Gr\u00fcnden vom Vertrag zur\u00fcckzutreten, allerdings nur durch K\u00fcndigung. Solange noch kein Termin f\u00fcr die Aktivit\u00e4t festgelegt wurde, erfolgt keine Erstattung. Ein sp\u00e4terer Widerruf ist nicht m\u00f6glich. Ist dies nicht der Fall, sind die Kosten der Erstattung vom Kunden zu tragen.<\/h3>\n\n\n\n<h3 class=\"wp-block-heading has-text-align-center has-base-2-background-color has-background has-small-font-size\">Gleichzeitig ist eine \u00dcbertragung von bezahlten Dienstleistungen auf einen anderen Beg\u00fcnstigten m\u00f6glich.<\/h3>\n\n\n\n<h3 class=\"wp-block-heading has-text-align-center has-base-2-background-color has-background has-small-font-size\">Es besteht kein Anspruch auf Schadensersatz, R\u00fcckerstattung des Flugpreises oder Erstattung von Kosten, die bei versp\u00e4teter oder verz\u00f6gerter Lieferung entstehen.<\/h3>\n\n\n\n<h3 class=\"wp-block-heading has-text-align-center has-base-2-background-color has-background has-small-font-size\">G.G.A.paragliding bietet einen Shuttle-Service zum Fluggel\u00e4nde an. Wird der Shuttle-Service nicht in Anspruch genommen, ist die Anreise zum Fluggel\u00e4nde Sache des Fluggastes.<\/h3>\n\n\n\n<h3 class=\"wp-block-heading has-text-align-center has-base-2-background-color has-background has-small-font-size\">Flugreservierungen und Buchungen sind verbindlich und k\u00f6nnen nur bis zu 12 Stunden vor dem geplanten Termin storniert werden. Erscheint der Passagier nicht zum vereinbarten Termin, ohne den Piloten (G.G.A.paragliding) zu benachrichtigen, oder erscheint er unter Alkohol- oder Drogeneinfluss, werden dem Passagier 120\u20ac als Entsch\u00e4digung in Rechnung gestellt.<strong>.<\/strong><\/h3>\n\n\n\n<h3 class=\"wp-block-heading has-text-align-center has-base-2-background-color has-background has-small-font-size\">Bricht der Teilnehmer die Aktivit\u00e4t ab oder verl\u00e4sst sie vorzeitig, wird keine R\u00fcckerstattung gew\u00e4hrt. Alle zus\u00e4tzlichen Kosten gehen zu Lasten des Teilnehmers.<\/h3>\n\n\n\n<h3 class=\"wp-block-heading has-text-align-center has-base-2-background-color has-background has-small-font-size\">Reservierungen und Geschenkgutscheine sind 3 Monate lang g\u00fcltig, danach kann die Aktivit\u00e4t nicht mehr durchgef\u00fchrt werden und der Geschenkgutschein oder die Reservierung geht verloren.<\/h3>\n\n\n\n<h2 class=\"wp-block-heading has-text-align-center has-text-color has-medium-font-size\" style=\"color:#000000\"><strong>VEREINBARTE TERMINE \/ WETTER<\/strong> <strong>und Flugzeit<\/strong><\/h2>\n\n\n\n<h2 class=\"wp-block-heading has-text-align-center has-base-2-background-color has-background has-small-font-size\">Gleitschirmfl\u00fcge sind wetterabh\u00e4ngig. Am Tag vor oder am Tag des Fluges informieren wir Sie \u00fcber das Wetter und ob ein Flug m\u00f6glich ist.<\/h2>\n\n\n\n<h3 class=\"wp-block-heading has-text-align-center has-base-2-background-color has-background has-small-font-size\">Wir weisen ausdr\u00fccklich darauf hin, dass auch bei feststehenden Terminen kein Anspruch auf einen Flug besteht, wenn die Wetterbedingungen dies nicht zulassen. Es besteht kein Anspruch auf Schadensersatz, R\u00fcckerstattung des Flugpreises oder Erstattung der entstandenen Kosten bei Versp\u00e4tung oder versp\u00e4teter Zustellung. Der Anspruch auf Anerkennung des Fluges bleibt jedoch bestehen.<\/h3>\n\n\n\n<h3 class=\"wp-block-heading has-text-align-center has-base-2-background-color has-background has-small-font-size\">Der Ort des Fluges wird von G.G.A.paragliding je nach Wetterlage bestimmt. Die Einzelheiten des Fluges werden vom Piloten festgelegt. Die Dauer des Passagierfluges h\u00e4ngt von den Wetterbedingungen ab. Der Pilot ist immer f\u00fcr die Durchf\u00fchrung des Fluges verantwortlich. Der Pilot hat das Recht, den Flug abzubrechen, wenn er der Meinung ist, dass die Passagiere nicht in einem geeigneten Zustand sind oder wenn er der Meinung ist, dass die \u00e4u\u00dferen Bedingungen (Wetter, Wind, Gel\u00e4nde, Material) nicht geeignet sind. Der Passagier best\u00e4tigt, dass seine Teilnahme aus pers\u00f6nlichem Interesse erfolgt, um sich mit dem Gleitschirmsport vertraut zu machen.<\/h3>\n\n\n\n<h3 class=\"wp-block-heading has-text-align-center has-base-2-background-color has-background has-small-font-size\">Die Dauer des Gleitschirmfluges auf Teneriffa kann je nach Wetterlage variieren. F\u00fcr wetterbedingte \u00c4nderungen der Dauer werden keine Rabatte gew\u00e4hrt.<\/h3>\n\n\n\n<h2 class=\"wp-block-heading has-text-align-center has-text-color has-medium-font-size\" style=\"color:#000000\"><strong>HAFTUNG UND VERSICHERUNG<\/strong><\/h2>\n\n\n\n<h3 class=\"wp-block-heading has-text-align-center has-base-2-background-color has-background has-small-font-size\">Im Rahmen unserer Tandemflugleistung haften wir nur f\u00fcr Sch\u00e4den, die durch grobe Fahrl\u00e4ssigkeit und \/ oder Vorsatz des Piloten verursacht werden. Soweit gesetzlich zul\u00e4ssig, stellen die Passagiere die Piloten und das Unternehmen ggaparapente, Tandem von jeglicher Haftung frei, die \u00fcber die bestehende Versicherung hinausgeht. Da der Passagier versteht und akzeptiert, indem er die Buchung und die Aktivit\u00e4t, dass dies eine riskante Aktivit\u00e4t ist.<\/h3>\n\n\n\n<h3 class=\"wp-block-heading has-text-align-center has-base-2-background-color has-background has-small-font-size\">\u00dcbertr\u00e4gt G.G.A.paragliding die Leistung an ein Partnerunternehmen\/ oder einen Verein, so haftet G.G.A.paragliding nicht f\u00fcr Handlungen und Unterlassungen des Partners. Insbesondere haftet G.G.A.paragliding nicht f\u00fcr Sch\u00e4den, die durch Handlungen oder Unterlassungen des Piloten entstehen, die nicht im Zusammenhang mit der vertraglich vereinbarten Leistung stehen.<\/h3>\n\n\n\n<h3 class=\"wp-block-heading has-text-align-center has-base-2-background-color has-background has-small-font-size\">G.G.A.paragliding haftet nicht f\u00fcr Sch\u00e4den, die durch Handlungen Dritter, anderer Teilnehmer, Naturereignisse, beh\u00f6rdliche Anordnungen, etc. oder durch eine versp\u00e4tete R\u00fcckgabe entstehen. Wenn ein Teilnehmer den Anweisungen des Veranstalters oder des Piloten usw. nicht nachkommt, erlischt jede Haftung des Veranstalters.<\/h3>\n\n\n\n<h2 class=\"wp-block-heading has-text-align-center has-text-color has-medium-font-size\" style=\"color:#000000\"><strong>Preise<\/strong> G.G.A.-Gleitschirmfliegen<\/h2>\n\n\n\n<h3 class=\"wp-block-heading has-text-align-center has-base-2-background-color has-background has-small-font-size\">Teide-Fl\u00fcge 150\u20ac - 200\u20ac.<\/h3>\n\n\n\n<p class=\"has-text-align-center has-base-2-background-color has-background has-small-font-size\">Fl\u00fcge von Adeje 100\u20ac.<\/p>\n\n\n\n<p class=\"has-text-align-center has-base-2-background-color has-background has-small-font-size\">Gleitschirmfliegen Teneriffa Nord 120\u20ac - 180\u20ac.<\/p>\n\n\n\n<p class=\"has-text-align-center has-base-2-background-color has-background has-small-font-size\">Video der Aktivit\u00e4t (Einwohner 20\u20ac) (Nicht-Einwohner 30\u20ac)<\/p>\n\n\n\n<p class=\"has-text-align-center has-base-2-background-color has-background has-small-font-size\">\u00dcber 100kg (+30\u20ac)<\/p>\n\n\n\n<h2 class=\"wp-block-heading has-text-align-center has-text-color has-medium-font-size\" style=\"color:#000000\"><strong>Preise<\/strong> Getyourguide<\/h2>\n\n\n\n<p class=\"has-text-align-center has-base-2-background-color has-background has-small-font-size\">\u00dcber 100kg (+30\u20ac)<\/p>\n\n\n\n<p class=\"has-text-align-center has-base-2-background-color has-background has-small-font-size\">Video der Aktivit\u00e4t 50\u20ac.<\/p>\n\n\n\n<p><\/p>","protected":false},"excerpt":{"rendered":"<p>\u26a0 RIESGO DE LA ACTIVIDAD El parapente es una actividad de aventura que implica riesgos inherentes, como ca\u00eddas, colisiones, cambios meteorol\u00f3gicos inesperados y posibles lesiones graves, incluso la muerte. Aunque tomamos todas las medidas de seguridad, el riesgo no se puede eliminar por completo. Al marcar la casilla de reserva, el pasajero acepta estos riesgos &#8230; <a title=\"Bedingungen und Konditionen\" class=\"read-more\" href=\"https:\/\/www.ggaparapente.com\/de\/bedingungen-und-konditionen\/\" aria-label=\"Mehr zu t\u00e9rminos y condiciones\">Weiterlesen ...<\/a><\/p>","protected":false},"author":2,"featured_media":0,"parent":0,"menu_order":0,"comment_status":"closed","ping_status":"closed","template":"","meta":{"_monsterinsights_skip_tracking":false,"_monsterinsights_sitenote_active":false,"_monsterinsights_sitenote_note":"","_monsterinsights_sitenote_category":0,"footnotes":""},"class_list":["post-4971","page","type-page","status-publish"],"_links":{"self":[{"href":"https:\/\/www.ggaparapente.com\/de\/wp-json\/wp\/v2\/pages\/4971","targetHints":{"allow":["GET"]}}],"collection":[{"href":"https:\/\/www.ggaparapente.com\/de\/wp-json\/wp\/v2\/pages"}],"about":[{"href":"https:\/\/www.ggaparapente.com\/de\/wp-json\/wp\/v2\/types\/page"}],"author":[{"embeddable":true,"href":"https:\/\/www.ggaparapente.com\/de\/wp-json\/wp\/v2\/users\/2"}],"replies":[{"embeddable":true,"href":"https:\/\/www.ggaparapente.com\/de\/wp-json\/wp\/v2\/comments?post=4971"}],"version-history":[{"count":1,"href":"https:\/\/www.ggaparapente.com\/de\/wp-json\/wp\/v2\/pages\/4971\/revisions"}],"predecessor-version":[{"id":6098,"href":"https:\/\/www.ggaparapente.com\/de\/wp-json\/wp\/v2\/pages\/4971\/revisions\/6098"}],"wp:attachment":[{"href":"https:\/\/www.ggaparapente.com\/de\/wp-json\/wp\/v2\/media?parent=4971"}],"curies":[{"name":"wp","href":"https:\/\/api.w.org\/{rel}","templated":true}]}}