{"id":387,"date":"2019-08-15T10:54:29","date_gmt":"2019-08-15T10:54:29","guid":{"rendered":"https:\/\/www.ggaparapente.com\/?page_id=387"},"modified":"2025-05-17T19:38:08","modified_gmt":"2025-05-17T19:38:08","slug":"uber-uns","status":"publish","type":"page","link":"https:\/\/www.ggaparapente.com\/de\/uber-uns\/","title":{"rendered":"\u00dcber uns"},"content":{"rendered":"<h2 class=\"wp-block-heading has-text-align-center has-large-font-size\"><strong>Anf\u00e4nge des Gleitschirmfliegens der G.G.A.<\/strong><\/h2>\n\n\n\n<p class=\"has-text-align-center has-small-font-size\">Es begann als Leidenschaft und Lebensstil, als das Fliegen zu unserer t\u00e4glichen Faszination wurde. Traditionelle\" Jobs erwiesen sich als unvereinbar mit dem, wonach sich unsere Herzen sehnten, also gr\u00fcndeten wir 2017 kurzerhand GGAparapente. Seitdem haben wir das Privileg, jedes Jahr den Traum vom Fliegen f\u00fcr Tausende von Menschen wahr werden zu lassen. Unser Ziel ist es, unvergessliche Erlebnisse in der Luft zu bieten, wo Freiheit und Aufregung in jedem Flug miteinander verbunden sind. Wir sind stolz darauf, Teil der Reise derjenigen zu sein, die der Schwerkraft trotzen und die Welt aus einer einzigartigen Perspektive sehen m\u00f6chten. Bei GGAparapente lassen wir Tr\u00e4ume wahr werden und teilen das Wunder des Fliegens mit allen, die sich danach sehnen, die Freude am Fliegen zu entdecken.<\/p>\n\n\n\n<div class=\"wp-block-media-text alignfull has-media-on-the-right is-vertically-aligned-center is-image-fill-element has-base-3-background-color has-background\"><div class=\"wp-block-media-text__content\">\n<h3 class=\"wp-block-heading has-text-align-center has-regular-font-size\">Tandempilot und Gr\u00fcnder<\/h3>\n\n\n\n<p class=\"has-text-align-center\"><strong>&nbsp;\"So schnell, so hoch und so weit wie m\u00f6glich\".<\/strong><\/p>\n\n\n\n<p class=\"has-text-align-center has-small-font-size\">Seit meiner Kindheit war ich besessen von dem Wunsch zu fliegen, sei es beim Skateboarden, Kitesurfen oder Fallschirmspringen, bis ich meine Leidenschaft fand, die das Gleitschirmfliegen ist und immer bleiben wird. <a href=\"https:\/\/www.ggaparapente.com\/wp-content\/uploads\/2022\/08\/Cerficado-FECDA-Gaston-Gomes.jpg\">Siehe Qualifikation <\/a><\/p>\n<\/div><figure class=\"wp-block-media-text__media\"><img loading=\"lazy\" decoding=\"async\" width=\"1024\" height=\"655\" src=\"https:\/\/www.ggaparapente.com\/wp-content\/uploads\/2019\/10\/parapente-monitores-e1660870496130-1024x655.jpg\" alt=\"\" class=\"wp-image-1113 size-full\" style=\"object-position:48% 48%\" title=\"\" srcset=\"https:\/\/www.ggaparapente.com\/wp-content\/uploads\/2019\/10\/parapente-monitores-e1660870496130-1024x655.jpg 1024w, https:\/\/www.ggaparapente.com\/wp-content\/uploads\/2019\/10\/parapente-monitores-e1660870496130-300x192.jpg 300w, https:\/\/www.ggaparapente.com\/wp-content\/uploads\/2019\/10\/parapente-monitores-e1660870496130-768x491.jpg 768w, https:\/\/www.ggaparapente.com\/wp-content\/uploads\/2019\/10\/parapente-monitores-e1660870496130-1536x983.jpg 1536w, https:\/\/www.ggaparapente.com\/wp-content\/uploads\/2019\/10\/parapente-monitores-e1660870496130-2048x1310.jpg 2048w\" sizes=\"auto, (max-width: 1024px) 100vw, 1024px\" \/><\/figure><\/div>\n\n\n\n<div class=\"wp-block-media-text alignfull is-vertically-aligned-center is-image-fill-element has-base-3-background-color has-background\"><figure class=\"wp-block-media-text__media\"><img loading=\"lazy\" decoding=\"async\" width=\"768\" height=\"1024\" src=\"https:\/\/www.ggaparapente.com\/wp-content\/uploads\/2022\/12\/intructor-de-parapente-pedro-768x1024.jpg\" alt=\"\" class=\"wp-image-4138 size-full\" style=\"object-position:50% 28%\" title=\"\" srcset=\"https:\/\/www.ggaparapente.com\/wp-content\/uploads\/2022\/12\/intructor-de-parapente-pedro-768x1024.jpg 768w, https:\/\/www.ggaparapente.com\/wp-content\/uploads\/2022\/12\/intructor-de-parapente-pedro-225x300.jpg 225w, https:\/\/www.ggaparapente.com\/wp-content\/uploads\/2022\/12\/intructor-de-parapente-pedro-1152x1536.jpg 1152w, https:\/\/www.ggaparapente.com\/wp-content\/uploads\/2022\/12\/intructor-de-parapente-pedro-scaled.jpg 1536w\" sizes=\"auto, (max-width: 768px) 100vw, 768px\" \/><\/figure><div class=\"wp-block-media-text__content\">\n<h3 class=\"wp-block-heading has-text-align-center has-text-color has-regular-font-size\" style=\"color:#000000\">Tandempilot<\/h3>\n\n\n\n<p class=\"has-text-align-center has-extra-small-font-size\"><em><strong>\"Ich bin so begeistert vom Fliegen, dass ich jede freie Minute in der Luft verbracht habe\".<\/strong><\/em><\/p>\n\n\n\n<p class=\"has-text-align-center has-contrast-color has-text-color has-small-font-size\">Schon als Kind waren die Berge von Teneriffa Pedros gro\u00dfer Spielplatz. Er erlebte zun\u00e4chst die Faszination von Bungee-Jumping, Klettern, Fallschirmspringen und unz\u00e4hligen anderen Aktivit\u00e4ten, bevor er das Gleitschirmfliegen entdeckte. <a href=\"https:\/\/www.ggaparapente.com\/wp-content\/uploads\/2022\/08\/Cerficado-FECDA-Pedro-Catala.jpg\">Siehe Qualifikation <\/a><\/p>\n<\/div><\/div>\n\n\n\n<div class=\"wp-block-media-text alignfull has-media-on-the-right is-vertically-aligned-center is-image-fill-element has-base-3-background-color has-background\"><div class=\"wp-block-media-text__content\">\n<h3 class=\"wp-block-heading has-text-align-center has-text-color has-regular-font-size\" style=\"color:#000000\">Tandempilot<\/h3>\n\n\n\n<p class=\"has-text-align-center has-extra-small-font-size\"><em><strong>\"Von den Gipfeln der Berge bis zu den H\u00f6henfl\u00fcgen\".<\/strong><\/em><\/p>\n\n\n\n<p class=\"has-text-align-center has-small-font-size\"><br>Mit jedem Flug fordert Aurelio, der unerschrockene Flieger, die Grenzen des Himmels heraus und n\u00e4hrt seinen unbez\u00e4hmbaren Geist mit der Erf\u00fcllung und Leidenschaft, die nur das Fliegen bringen kann.<a href=\"https:\/\/www.ggaparapente.com\/wp-content\/uploads\/2023\/05\/FECDA-2023.pdf\" data-type=\"URL\" data-id=\"https:\/\/www.ggaparapente.com\/wp-content\/uploads\/2023\/05\/FECDA-2023.pdf\">Siehe Qualifikation <\/a><\/p>\n<\/div><figure class=\"wp-block-media-text__media\"><img loading=\"lazy\" decoding=\"async\" width=\"768\" height=\"1024\" src=\"https:\/\/www.ggaparapente.com\/wp-content\/uploads\/2023\/05\/IMG-6694-768x1024.jpg\" alt=\"\" class=\"wp-image-5477 size-full\" style=\"object-position:47% 40%\" title=\"\" srcset=\"https:\/\/www.ggaparapente.com\/wp-content\/uploads\/2023\/05\/IMG-6694-768x1024.jpg 768w, https:\/\/www.ggaparapente.com\/wp-content\/uploads\/2023\/05\/IMG-6694-225x300.jpg 225w, https:\/\/www.ggaparapente.com\/wp-content\/uploads\/2023\/05\/IMG-6694-1152x1536.jpg 1152w, https:\/\/www.ggaparapente.com\/wp-content\/uploads\/2023\/05\/IMG-6694-scaled.jpg 1536w\" sizes=\"auto, (max-width: 768px) 100vw, 768px\" \/><\/figure><\/div>\n\n\n\n<div class=\"wp-block-media-text alignfull is-vertically-aligned-center is-image-fill-element has-base-3-background-color has-background\"><figure class=\"wp-block-media-text__media\"><img loading=\"lazy\" decoding=\"async\" width=\"768\" height=\"1024\" src=\"https:\/\/www.ggaparapente.com\/wp-content\/uploads\/2023\/05\/IMG-6695-768x1024.jpg\" alt=\"\" class=\"wp-image-5482 size-full\" style=\"object-position:47% 36%\" title=\"\" srcset=\"https:\/\/www.ggaparapente.com\/wp-content\/uploads\/2023\/05\/IMG-6695-768x1024.jpg 768w, https:\/\/www.ggaparapente.com\/wp-content\/uploads\/2023\/05\/IMG-6695-225x300.jpg 225w, https:\/\/www.ggaparapente.com\/wp-content\/uploads\/2023\/05\/IMG-6695-1152x1536.jpg 1152w, https:\/\/www.ggaparapente.com\/wp-content\/uploads\/2023\/05\/IMG-6695-scaled.jpg 1536w\" sizes=\"auto, (max-width: 768px) 100vw, 768px\" \/><\/figure><div class=\"wp-block-media-text__content\">\n<h3 class=\"wp-block-heading has-text-align-center has-text-color has-regular-font-size\" style=\"color:#000000\">Treiber<\/h3>\n\n\n\n<p class=\"has-text-align-center has-small-font-size\"><br>Ich fahre mit Leidenschaft und Verantwortung, f\u00fchre Gleitschirmflieger zu ihrer Begegnung mit dem Himmel und erlebe ihre Gef\u00fchle, wenn sie ihre Fl\u00fcgel ausbreiten und neue Horizonte erreichen.<\/p>\n<\/div><\/div>\n\n\n\n<div class=\"wp-block-cover alignfull\" style=\"min-height:87px;aspect-ratio:unset;\"><span aria-hidden=\"true\" class=\"wp-block-cover__background has-background-dim-100 has-background-dim\" style=\"background-color:#252628\"><\/span><div class=\"wp-block-cover__inner-container is-layout-flow wp-block-cover-is-layout-flow\">\n<h1 class=\"wp-block-heading has-text-align-center has-large-font-size\">Partner<\/h1>\n<\/div><\/div>\n\n\n<div class=\"wp-block-image\">\n<figure class=\"aligncenter size-full is-resized\"><a href=\"https:\/\/madparapente.com\/\" target=\"_blank\" rel=\"noopener\"><img loading=\"lazy\" decoding=\"async\" width=\"700\" height=\"400\" src=\"https:\/\/www.ggaparapente.com\/wp-content\/uploads\/2023\/03\/logo-01.png\" alt=\"\" class=\"wp-image-5300\" style=\"width:219px;height:125px\" title=\"\" srcset=\"https:\/\/www.ggaparapente.com\/wp-content\/uploads\/2023\/03\/logo-01.png 700w, https:\/\/www.ggaparapente.com\/wp-content\/uploads\/2023\/03\/logo-01-300x171.png 300w\" sizes=\"auto, (max-width: 700px) 100vw, 700px\" \/><\/a><\/figure>\n<\/div>\n\n\n<p class=\"has-text-align-center has-contrast-2-color has-text-color\">Gleitschirmfliegen, Paramotoring und Gleitschirmfliegen Kurse in Madrid.&nbsp;<\/p>\n\n\n\n<div class=\"wp-block-cover alignfull\"><span aria-hidden=\"true\" class=\"wp-block-cover__background has-base-3-background-color has-background-dim-100 has-background-dim\"><\/span><div class=\"wp-block-cover__inner-container is-layout-flow wp-block-cover-is-layout-flow\"><div class=\"wp-block-image\">\n<figure class=\"aligncenter size-full\"><a href=\"https:\/\/alamair.com\" target=\"_blank\" rel=\"noopener\"><img loading=\"lazy\" decoding=\"async\" width=\"250\" height=\"75\" src=\"https:\/\/www.ggaparapente.com\/wp-content\/uploads\/2023\/03\/alamair-logo.png\" alt=\"\" class=\"wp-image-5291\" title=\"\"><\/a><\/figure>\n<\/div>\n\n\n<p class=\"has-text-align-center has-contrast-2-color has-text-color\">Gesch\u00e4ft f\u00fcr Gleitschirmfliegen in Madrid. Die besten Gleitschirmmarken Ozone, Supair, Woody Valley.<\/p>\n\n\n<div class=\"wp-block-image\">\n<figure class=\"aligncenter size-full is-resized\"><a href=\"https:\/\/www.evolvendoexperience.com\/\" target=\"_blank\" rel=\"noopener\"><img loading=\"lazy\" decoding=\"async\" width=\"683\" height=\"590\" src=\"https:\/\/www.ggaparapente.com\/wp-content\/uploads\/2023\/03\/unnamed.jpg\" alt=\"\" class=\"wp-image-5297\" style=\"width:237px;height:205px\" title=\"\" srcset=\"https:\/\/www.ggaparapente.com\/wp-content\/uploads\/2023\/03\/unnamed.jpg 683w, https:\/\/www.ggaparapente.com\/wp-content\/uploads\/2023\/03\/unnamed-300x259.jpg 300w\" sizes=\"auto, (max-width: 683px) 100vw, 683px\" \/><\/a><\/figure>\n<\/div>\n\n\n<p class=\"has-text-align-center has-contrast-2-color has-text-color\"> Ihre beste Erfahrung, indem wir Ihnen verschiedene Reisel\u00f6sungen anbieten, darunter Kurse, Unterk\u00fcnfte und andere Aktivit\u00e4ten auf der Insel.<\/p>\n\n\n<div class=\"wp-block-image\">\n<figure class=\"aligncenter size-full\"><a href=\"http:\/\/pkskitesurftenerife.es\/en\/\" target=\"_blank\" rel=\"noopener\"><img loading=\"lazy\" decoding=\"async\" width=\"200\" height=\"99\" src=\"https:\/\/www.ggaparapente.com\/wp-content\/uploads\/2023\/03\/Risorsa-1small-1.png\" alt=\"\" class=\"wp-image-5295\" title=\"\"><\/a><\/figure>\n<\/div>\n\n\n<p class=\"has-text-align-center has-contrast-2-color has-text-color\">&nbsp;die beste Kitesurfing-Schule auf Teneriffa, wo du deinen Traum verwirklichen kannst. Wir bieten dir Kitesurfing-, Wingfoil- und Surfing-Kurse.<\/p>\n<\/div><\/div>","protected":false},"excerpt":{"rendered":"<p>inicios de G.G.A.parapente Comenz\u00f3 como una pasi\u00f3n y un estilo de vida, ya que volar se convirti\u00f3 en nuestra fascinaci\u00f3n diaria. Los trabajos \u00abtradicionales\u00bb resultaron incompatibles con lo que nuestros corazones anhelaban, por lo que r\u00e1pidamente creamos GGAparapente en 2017. Desde entonces, hemos tenido el privilegio de hacer realidad el sue\u00f1o de volar para miles &#8230; <a title=\"\u00dcber uns\" class=\"read-more\" href=\"https:\/\/www.ggaparapente.com\/de\/uber-uns\/\" aria-label=\"Mehr zu Sobre nosotros\">Weiterlesen ...<\/a><\/p>","protected":false},"author":1,"featured_media":0,"parent":0,"menu_order":0,"comment_status":"closed","ping_status":"closed","template":"","meta":{"_monsterinsights_skip_tracking":false,"_monsterinsights_sitenote_active":false,"_monsterinsights_sitenote_note":"","_monsterinsights_sitenote_category":0,"footnotes":""},"class_list":["post-387","page","type-page","status-publish"],"_links":{"self":[{"href":"https:\/\/www.ggaparapente.com\/de\/wp-json\/wp\/v2\/pages\/387","targetHints":{"allow":["GET"]}}],"collection":[{"href":"https:\/\/www.ggaparapente.com\/de\/wp-json\/wp\/v2\/pages"}],"about":[{"href":"https:\/\/www.ggaparapente.com\/de\/wp-json\/wp\/v2\/types\/page"}],"author":[{"embeddable":true,"href":"https:\/\/www.ggaparapente.com\/de\/wp-json\/wp\/v2\/users\/1"}],"replies":[{"embeddable":true,"href":"https:\/\/www.ggaparapente.com\/de\/wp-json\/wp\/v2\/comments?post=387"}],"version-history":[{"count":0,"href":"https:\/\/www.ggaparapente.com\/de\/wp-json\/wp\/v2\/pages\/387\/revisions"}],"wp:attachment":[{"href":"https:\/\/www.ggaparapente.com\/de\/wp-json\/wp\/v2\/media?parent=387"}],"curies":[{"name":"wp","href":"https:\/\/api.w.org\/{rel}","templated":true}]}}