{"id":224,"date":"2019-07-18T10:40:37","date_gmt":"2019-07-18T10:40:37","guid":{"rendered":"https:\/\/www.ggaparapente.com\/?page_id=224"},"modified":"2024-10-05T19:46:14","modified_gmt":"2024-10-05T19:46:14","slug":"reservas","status":"publish","type":"page","link":"https:\/\/www.ggaparapente.com\/de\/reservas\/","title":{"rendered":"RESERVIERUNGEN"},"content":{"rendered":"\n<div class=\"wp-block-cover alignfull has-contrast-color has-text-color has-link-color wp-elements-80899711be31a4ab52c4ffb168d38935\" style=\"min-height:50px;aspect-ratio:unset;\"><span aria-hidden=\"true\" class=\"wp-block-cover__background has-base-3-background-color has-background-dim-100 has-background-dim\"><\/span><div class=\"wp-block-cover__inner-container is-layout-flow wp-block-cover-is-layout-flow\">\n<h1 class=\"wp-block-heading has-text-align-center has-large-font-size\"><strong>Reservas<\/strong><\/h1>\n<\/div><\/div>\n\n\n<div class=\"gb-container gb-container-c0356642\">\n\n<p class=\"has-text-align-center\"><strong>\n<script>\n  if (typeof hasAmeliaEntitiesApiCall === 'undefined' && ('' === '' && '' !== '1')) {\n    var hasAmeliaEntitiesApiCall = true;\n  }\n  var ameliaShortcodeData = (typeof ameliaShortcodeData === 'undefined') ? [] : ameliaShortcodeData;\n  ameliaShortcodeData.push(\n    {\n      'hasApiCall': (typeof hasAmeliaEntitiesApiCall !== 'undefined') && hasAmeliaEntitiesApiCall,\n      'trigger': '',\n      'trigger_type': '',\n      'triggered_form': 'sbsNew',\n      'in_dialog': '',\n      'show': '',\n      'counter': '1000',\n      'category': '1,2',\n      'service': '',\n      'employee': '',\n      'location': '',\n      'package': '',\n      'layout': '',\n    }\n  );\n\n  var ameliaShortcodeDataTriggered = (typeof ameliaShortcodeDataTriggered === 'undefined') ? [] : ameliaShortcodeDataTriggered;\n  if (ameliaShortcodeData[ameliaShortcodeData.length - 1].trigger !== '') {\n    if (ameliaShortcodeDataTriggered.filter(a => a.counter === ameliaShortcodeData[ameliaShortcodeData.length - 1].counter).length === 0) {\n      ameliaShortcodeDataTriggered.push(ameliaShortcodeData.pop());\n    } else {\n      ameliaShortcodeData.pop()\n    }\n  }\n  if (typeof hasAmeliaEntitiesApiCall !== 'undefined' && hasAmeliaEntitiesApiCall) {\n    hasAmeliaEntitiesApiCall = false;\n  }\n<\/script>\n\n<div\n  id=\"amelia-v2-booking-1000\"\n  class=\"amelia-v2-booking\"\n >\n    <step-form-wrapper><\/step-form-wrapper><\/div>\n\u00a0<\/strong><\/p>\n\n<\/div>\n\n\n<p class=\"has-text-align-center\" style=\"font-size:10px\"><strong><br>ATENCI\u00d3N: El peso debe estar entre 20 kg y 100 kg, con un cargo adicional de 30 \u20ac para aquellos que superen los 90 kg. No hay un l\u00edmite m\u00ednimo de edad, pero la edad m\u00e1xima es de 70 a\u00f1os. La altura m\u00ednima para ni\u00f1os es de 100 cm, y la altura m\u00e1xima permitida es de 200 cm.<\/strong><\/p>\n\n\n\n<div class=\"wp-block-cover alignfull has-small-font-size\" style=\"min-height:182px;aspect-ratio:unset;\"><span aria-hidden=\"true\" class=\"wp-block-cover__background has-base-3-background-color has-background-dim-100 has-background-dim\"><\/span><div class=\"wp-block-cover__inner-container is-layout-flow wp-block-cover-is-layout-flow\">\n<p class=\"has-text-align-center has-contrast-color has-text-color has-medium-font-size\"><strong>Contacta con nosotros<\/strong><\/p>\n\n\n\n<div class=\"wp-block-buttons has-custom-font-size has-small-font-size is-content-justification-center is-layout-flex wp-container-core-buttons-is-layout-16018d1d wp-block-buttons-is-layout-flex\">\n<div class=\"wp-block-button has-custom-width wp-block-button__width-50 is-style-outline is-style-outline--1\"><a class=\"wp-block-button__link has-contrast-color has-base-3-background-color has-text-color has-background wp-element-button\" href=\"TEL:+34628346948\" style=\"border-radius:15px\"><strong> LLAMAR<\/strong><\/a><\/div>\n\n\n\n<div class=\"wp-block-button has-custom-width wp-block-button__width-50 is-style-outline is-style-outline--2\"><a class=\"wp-block-button__link has-contrast-color has-base-3-background-color has-text-color has-background wp-element-button\" href=\"https:\/\/api.whatsapp.com\/send\/?phone=34628346948&amp;text=Hola+buenas+me+gustar%C3%ADa+reservar+mi+vuelo+en+parapente&amp;type=phone_number&amp;app_absent=0\" style=\"border-radius:15px\" target=\"_blank\" rel=\"noopener\"><strong>whatsapp<\/strong><\/a><\/div>\n<\/div>\n<\/div><\/div>\n\n\n\n<div class=\"wp-block-buttons alignfull is-horizontal is-content-justification-center is-layout-flex wp-container-core-buttons-is-layout-499968f5 wp-block-buttons-is-layout-flex\"><\/div>\n\n\n\n<div class=\"wp-block-columns is-layout-flex wp-container-core-columns-is-layout-9d6595d7 wp-block-columns-is-layout-flex\">\n<div class=\"wp-block-column is-vertically-aligned-center is-layout-flow wp-block-column-is-layout-flow\" style=\"flex-basis:100%\"><\/div>\n<\/div>\n","protected":false},"excerpt":{"rendered":"<p>\u00a0 ATENCI\u00d3N: El peso debe estar entre 20 kg y 100 kg, con un cargo adicional de 30 \u20ac para aquellos que superen los 90 kg. No hay un l\u00edmite m\u00ednimo de edad, pero la edad m\u00e1xima es de 70 a\u00f1os. La altura m\u00ednima para ni\u00f1os es de 100 cm, y la altura m\u00e1xima permitida &#8230; <a title=\"RESERVIERUNGEN\" class=\"read-more\" href=\"https:\/\/www.ggaparapente.com\/de\/reservas\/\" aria-label=\"Mehr zu RESERVAS\">Weiterlesen ...<\/a><\/p>","protected":false},"author":1,"featured_media":0,"parent":0,"menu_order":0,"comment_status":"closed","ping_status":"closed","template":"","meta":{"_monsterinsights_skip_tracking":false,"_monsterinsights_sitenote_active":false,"_monsterinsights_sitenote_note":"","_monsterinsights_sitenote_category":0,"footnotes":""},"class_list":["post-224","page","type-page","status-publish"],"_links":{"self":[{"href":"https:\/\/www.ggaparapente.com\/de\/wp-json\/wp\/v2\/pages\/224","targetHints":{"allow":["GET"]}}],"collection":[{"href":"https:\/\/www.ggaparapente.com\/de\/wp-json\/wp\/v2\/pages"}],"about":[{"href":"https:\/\/www.ggaparapente.com\/de\/wp-json\/wp\/v2\/types\/page"}],"author":[{"embeddable":true,"href":"https:\/\/www.ggaparapente.com\/de\/wp-json\/wp\/v2\/users\/1"}],"replies":[{"embeddable":true,"href":"https:\/\/www.ggaparapente.com\/de\/wp-json\/wp\/v2\/comments?post=224"}],"version-history":[{"count":0,"href":"https:\/\/www.ggaparapente.com\/de\/wp-json\/wp\/v2\/pages\/224\/revisions"}],"wp:attachment":[{"href":"https:\/\/www.ggaparapente.com\/de\/wp-json\/wp\/v2\/media?parent=224"}],"curies":[{"name":"wp","href":"https:\/\/api.w.org\/{rel}","templated":true}]}}