{"id":1325,"date":"2019-10-30T20:09:00","date_gmt":"2019-10-30T20:09:00","guid":{"rendered":"https:\/\/www.ggaparapente.com\/?page_id=1325"},"modified":"2024-06-07T13:48:45","modified_gmt":"2024-06-07T13:48:45","slug":"geschenkgutschein","status":"publish","type":"page","link":"https:\/\/www.ggaparapente.com\/de\/geschenkgutschein\/","title":{"rendered":"Geschenkgutschein"},"content":{"rendered":"<div class=\"wp-block-cover alignfull has-contrast-color has-text-color has-link-color wp-elements-327a8dae9e6e5065a9465c92aa1146a5\" style=\"min-height:50px;aspect-ratio:unset;\"><span aria-hidden=\"true\" class=\"wp-block-cover__background has-base-3-background-color has-background-dim-100 has-background-dim\"><\/span><div class=\"wp-block-cover__inner-container is-layout-flow wp-block-cover-is-layout-flow\">\n<h1 class=\"wp-block-heading has-text-align-center has-large-font-size\"><strong>Geschenkgutscheine<\/strong><\/h1>\n<\/div><\/div>\n\n\n\n<div class=\"wp-block-cover alignfull has-contrast-color has-text-color has-link-color wp-elements-c9c1073ede741616ed82bc824c8dc035\"><span aria-hidden=\"true\" class=\"wp-block-cover__background has-base-3-background-color has-background-dim-100 has-background-dim\"><\/span><div class=\"wp-block-cover__inner-container is-layout-flow wp-block-cover-is-layout-flow\">\n<h2 class=\"wp-block-heading has-text-align-center has-base-3-color has-text-color has-background has-link-color has-medium-font-size wp-elements-d7fe340b91564e82ac3fbf01d54bfae9\" style=\"background-color:#000000\"><strong>Schritte f\u00fcr Ihr Geschenk<\/strong><\/h2>\n\n\n\n<h2 class=\"wp-block-heading has-text-align-center has-small-font-size\"><strong>1) Geben Sie bei der Zahlung den vollst\u00e4ndigen Namen der Person an, die das Geschenk erhalten soll.<\/strong><\/h2>\n\n\n\n<h2 class=\"wp-block-heading has-text-align-center has-small-font-size\"><strong>Kontaktieren Sie uns entweder per Whatsapp oder rufen Sie uns an, wir werden die Einzahlung \u00fcberpr\u00fcfen und Ihnen den Gutschein zusenden.<\/strong><\/h2>\n\n\n\n<h2 class=\"wp-block-heading has-text-align-center has-small-font-size\"><strong>3. verschenken Sie das Erlebnis an Freunde oder Familie und kontaktieren Sie uns erneut mit dem Geschenkgutschein.<\/strong><\/h2>\n\n\n\n<h2 class=\"wp-block-heading has-text-align-center has-small-font-size\"><strong>4. bereit, in die Wolken zu gehen.<\/strong><\/h2>\n\n\n\n<p class=\"has-text-align-center has-contrast-color has-base-3-background-color has-text-color has-background\" style=\"font-size:10px\"><strong>BITTE BEACHTEN SIE: Das Gewicht muss zwischen 20 kg und 100 kg liegen. F\u00fcr Personen \u00fcber 90 kg wird ein Zuschlag von 30 \u20ac erhoben. Es gibt kein Mindestalter, aber das H\u00f6chstalter liegt bei 70 Jahren. Die Mindestgr\u00f6\u00dfe f\u00fcr Kinder betr\u00e4gt 100 cm, die H\u00f6chstgr\u00f6\u00dfe 200 cm.<\/strong><\/p>\n\n\n\n<p class=\"has-text-align-center\" style=\"font-size:10px\"><strong>ACHTUNG: Sie haben drei Monate Zeit, um Ihr Ticket oder Ihre Reservierung einzul\u00f6sen, also genug Zeit, um die Aktivit\u00e4t durchf\u00fchren zu k\u00f6nnen.<\/strong><\/p>\n<\/div><\/div>\n\n\n\n<hr class=\"wp-block-separator has-alpha-channel-opacity is-style-dots\"\/>\n\n\n\n<p class=\"has-text-align-center\">TEN PARAPENTE, S.L.U.<br> Bank\u00fcberweisung - BBVA<br>IBAN: <strong>ES2501823282930201587390<\/strong><\/p>\n\n\n\n<div class=\"wp-block-cover alignfull has-small-font-size\" style=\"min-height:144px;aspect-ratio:unset;\"><span aria-hidden=\"true\" class=\"wp-block-cover__background has-base-3-background-color has-background-dim-100 has-background-dim\"><\/span><div class=\"wp-block-cover__inner-container is-layout-flow wp-block-cover-is-layout-flow\">\n<p class=\"has-text-align-center has-contrast-color has-text-color has-medium-font-size\"><strong>Kontakt mit uns<\/strong><\/p>\n\n\n\n<div class=\"wp-block-buttons has-custom-font-size has-small-font-size is-content-justification-center is-layout-flex wp-container-core-buttons-is-layout-16018d1d wp-block-buttons-is-layout-flex\">\n<div class=\"wp-block-button has-custom-width wp-block-button__width-50 is-style-outline is-style-outline--1\"><a class=\"wp-block-button__link has-contrast-color has-base-3-background-color has-text-color has-background wp-element-button\" href=\"TEL:+34628346948\" style=\"border-radius:15px\"><strong> ANRUFEN<\/strong><\/a><\/div>\n\n\n\n<div class=\"wp-block-button has-custom-width wp-block-button__width-50 is-style-outline is-style-outline--2\"><a class=\"wp-block-button__link has-contrast-color has-base-3-background-color has-text-color has-background wp-element-button\" href=\"https:\/\/api.whatsapp.com\/send\/?phone=34628346948&amp;text=Hola+buenas+me+gustar%C3%ADa+reservar+mi+vuelo+en+parapente&amp;type=phone_number&amp;app_absent=0\" style=\"border-radius:15px\" target=\"_blank\" rel=\"noopener\"><strong>whatsapp<\/strong><\/a><\/div>\n<\/div>\n<\/div><\/div>\n\n\n\n<div style=\"height:69px\" aria-hidden=\"true\" class=\"wp-block-spacer\"><\/div>","protected":false},"excerpt":{"rendered":"<p>TEN PARAPENTE, S.L.U. Transferencia bancaria &#8211; BBVAIBAN: ES2501823282930201587390<\/p>","protected":false},"author":1,"featured_media":0,"parent":0,"menu_order":0,"comment_status":"closed","ping_status":"closed","template":"","meta":{"_monsterinsights_skip_tracking":false,"_monsterinsights_sitenote_active":false,"_monsterinsights_sitenote_note":"","_monsterinsights_sitenote_category":0,"footnotes":""},"class_list":["post-1325","page","type-page","status-publish"],"_links":{"self":[{"href":"https:\/\/www.ggaparapente.com\/de\/wp-json\/wp\/v2\/pages\/1325","targetHints":{"allow":["GET"]}}],"collection":[{"href":"https:\/\/www.ggaparapente.com\/de\/wp-json\/wp\/v2\/pages"}],"about":[{"href":"https:\/\/www.ggaparapente.com\/de\/wp-json\/wp\/v2\/types\/page"}],"author":[{"embeddable":true,"href":"https:\/\/www.ggaparapente.com\/de\/wp-json\/wp\/v2\/users\/1"}],"replies":[{"embeddable":true,"href":"https:\/\/www.ggaparapente.com\/de\/wp-json\/wp\/v2\/comments?post=1325"}],"version-history":[{"count":0,"href":"https:\/\/www.ggaparapente.com\/de\/wp-json\/wp\/v2\/pages\/1325\/revisions"}],"wp:attachment":[{"href":"https:\/\/www.ggaparapente.com\/de\/wp-json\/wp\/v2\/media?parent=1325"}],"curies":[{"name":"wp","href":"https:\/\/api.w.org\/{rel}","templated":true}]}}